{"id":2361,"date":"2024-04-09T10:31:18","date_gmt":"2024-04-09T14:31:18","guid":{"rendered":"https:\/\/environmentfunders.ca\/careers\/"},"modified":"2026-03-23T14:13:27","modified_gmt":"2026-03-23T18:13:27","slug":"carrieres","status":"publish","type":"page","link":"https:\/\/environmentfunders.ca\/fr\/carrieres\/","title":{"rendered":"Carri\u00e8res"},"content":{"rendered":"        <\/div><header id=\"block_72e9694f5bb7fabe75935e0fd492968f\" \n    class=\"block_72e9694f5bb7fabe75935e0fd492968f tw-section content-section-multimedia uk-preserve-color   uk-position-relative uk-section uk-section-overlap  uk-section-secondary-alt  layout-grid has_overlay uk-background-norepeat uk-background-cover uk-preserve-color uk-background-center-center uk-background-scroll uk-background-image header-section layout-multimedia layout-multimedia-none uk-overflow-hidden\"\n    uk-img data-src=\"https:\/\/environmentfunders.ca\/wp-content\/uploads\/2024\/06\/6-1-1024x675.png\" data-srcset=\"https:\/\/environmentfunders.ca\/wp-content\/uploads\/2024\/06\/6-1-400x264.png 400w, https:\/\/environmentfunders.ca\/wp-content\/uploads\/2024\/06\/6-1-800x527.png 800w, https:\/\/environmentfunders.ca\/wp-content\/uploads\/2024\/06\/6-1-1200x791.png 1200w, https:\/\/environmentfunders.ca\/wp-content\/uploads\/2024\/06\/6-1-1600x1054.png 1600w, https:\/\/environmentfunders.ca\/wp-content\/uploads\/2024\/06\/6-1.png 2000w\" data-sizes=\"(max-width: 500px) 400px, (max-width: 800px) 800px, (max-width: 1024px) 1024px, (max-width: 1200px) 1200px, (max-width: 1600px) 1600px, (max-width: 2048px) 2048px\"\n        >\n    \n    \n            <div class=\"tw-section-overlay uk-overlay-secondary uk-blend-multiply  uk-position-cover\"><\/div><!-- uk-overlay-->\n    \n        \n    <!-- Open Wrapper-->\n    <div class=\"uk-container   uk-container-expand-center   uk-position-relative\">\n    <!-- Open Wrapper Inner --> <div>\n    <div class=\"spacer-section uk-width-1-1\" style=\"height:120px;\"><\/div>    \n    <div class=\"uk-grid uk-grid-item-match uk-position-relative  uk-grid-medium\" uk-grid uk-height-match><!-- Open Grid -->\n                <div class=\"uk-width-1-1 uk-width-expand@s uk-flex uk-flex-top\" style=\"\">\n            <div  >\n            <header class=\"section-header uk-margin-bottom uk-text-left uk-light \" uk-scrollspy=\"cls: uk-animation-slide-left-small; delay: 300; \" >  \n    \n            \n        <h1 class=\"uk-heading-medium  uk-margin-remove-top  content-section-title \">\n            Carri\u00e8res\n        <\/h1>\n            \n    \n\n        <div class=\"content-section-description uk-text-large uk-column-1-1@m \">\n        <p><span style=\"font-weight: 400;\">C\u2019est avec plaisir que nous diffusons les offres d\u2019emploi des membres actuels d\u2019EFC. Nous encourageons fortement nos membres \u00e0 inclure une \u00e9chelle salariale dans toutes les offres d\u2019emploi pour favoriser l\u2019\u00e9quit\u00e9 dans les pratiques d\u2019embauche.\u00a0<\/span><\/p>\n    <\/div>\n    <\/header>\n            <\/div>\n        <\/div>\n            \n            <div class=\"block-none uk-inline uk-width-1-1 uk-width-1-2@m uk-flex uk-flex-last@m uk-flex-top@m \">\n                <div class=\"\"><\/div>            <\/div>\n        \n        <\/div><!-- Close Grid -->\n        <\/div><!-- Close Inner Wrapper -->\n<\/div><!-- Close Wrapper-->    <\/header>\n    \n    <section id=\"breadcrumbs\" class=\"breadcrumbs uk-background-secondary-alt uk-light uk-overflow-auto\">\n  <div class=\"uk-container uk-container- \">\n    <nav class=\"breadcrumb-wrapper\" role=\"navigation\" aria-label=\"Breadcrumb\">\n        <ul class=\"uk-breadcrumb uk-margin-remove-bottom\"><li typeof=\"v:Breadcrumb\" >\n        <a href=\"https:\/\/environmentfunders.ca\/fr\/\" title=\"Home\" rel=\"v:url\" property=\"v:title\"\n         aria-label=\"Accueil\"  ><span class=\"uk-icon\" uk-icon=\"home\"><meta content=\"Home\" \/> <\/a>\n        <\/li><\/ul>    <\/nav>\n  <\/div>\n<\/section>\n\n<div class=\"uk-container uk-container-xsmall\" >\n    \n\n<\/div><div class=\"contained-wrapper uk-preserve-color uk-section uk-background-muted\"><div class=\"uk-container uk-container-small  uk-container-expand-center\">\n<section id=\"block_709c2165afb2e751bb760e9a17d0becd\" \n    class=\"block_709c2165afb2e751bb760e9a17d0becd tw-section content-section-grid uk-preserve-color   uk-position-relative uk-section uk-section-overlap uk-section-small uk-section-default  layout-grid layout-grid layout-grid-list\"\n    \n        >\n    \n    \n    \n        \n    <!-- Open Wrapper-->\n    <div class=\" uk-panel uk-padding-large    uk-position-relative\">\n    <!-- Open Wrapper Inner --> <div>\n        \n    <div class=\"uk-grid uk-grid-item-match uk-position-relative  uk-grid-medium\" uk-grid uk-height-match><!-- Open Grid -->\n                <div class=\"uk-width-1-1 uk-width-expand@s \" style=\"\">\n            <div  >\n            <header class=\"section-header uk-margin-bottom uk-text-left uk-dark \" uk-scrollspy=\"cls: uk-animation-slide-left-small; delay: 300; \" >  \n    \n            \n        <h2 class=\"uk-h1  uk-margin-remove-top  content-section-title \">\n            Offres d\u2019emploi au sein des organisations membres\n        <\/h2>\n            \n    \n\n        <div class=\"content-section-description uk-text-medium uk-column-1-1@m \">\n        <p>Les membres d\u2019EFC ayant des postes \u00e0 combler peuvent <a href=\"https:\/\/environmentfunders.ca\/fr\/contactez-nous\/\">nous contacter<\/a> pour ajouter leur annonce \u00e0 la liste.<\/p>\n    <\/div>\n    <\/header>\n            <\/div>\n        <\/div>\n            \n    <div class=\"uk-width-1-1 uk-width-1-1@m uk-flex uk-flex-last uk-flex-left\">\n        <section id=\"block_709c2165afb2e751bb760e9a17d0becd-grid-blocks-list\" class=\"layout-grid-blocks-list\">\n    <ul class=\"content-list uk-list  uk-dark\">\n            <li id=\"block_709c2165afb2e751bb760e9a17d0becd-0\" class=\"grid-item uk-text-left\">\n                        \n                            <div class=\"grid-item-content\">\n                    \n                    <h4 class=\"uk-h5 grid-item-title\" style=\"margin-bottom:5px;\">\n                                                    <a href=\"https:\/\/fondationecho.ca\/#job-posting-french\"\n                                title=\"\"\n                                target=\"_blank\"\n                                                                rel=\"noopener\"                                class=\"uk-link-heading\"\n                            >\n                                                Fondation \u00c9cho &#8211; Directeur g\u00e9n\u00e9ral                        <\/a>                    <\/h4>\n                    \n                                        <footer class=\"uk-card-footer uk-text-left uk-padding-remove-left grid-item-cta uk-padding-remove\" style=\"margin-top:5px;\">\n\t<a\n\t\thref=\"https:\/\/fondationecho.ca\/#job-posting-french\"\n\t\ttitle=\"\"\n\t\ttarget=\"_blank\"\n\t\t\t\trel=\"noopener\"\t\tclass=\"uk-button uk-width-1-1 uk-width-auto@s uk-text-left uk-button-uk-button-text uk-button-small\"\n\t\trole=\"link\"\n\t\t\t>\n\t\tEn Savoir Plus <span uk-icon=\"icon: arrow-right; ratio: 0.8\"><\/span>\n\t<\/a>\n<\/footer>\n                <\/div>\n            \n                    <\/li>\n        <\/ul>\n\n\n<\/section>    <\/div>\n\n        <\/div><!-- Close Grid -->\n        <\/div><!-- Close Inner Wrapper -->\n<\/div><!-- Close Wrapper-->    <\/section>\n<\/div><\/div>    \n\n<div class=\"uk-container uk-container-xsmall\" >\n","protected":false},"excerpt":{"rendered":"","protected":false},"author":1,"featured_media":2438,"parent":0,"menu_order":0,"comment_status":"closed","ping_status":"closed","template":"","meta":{"_acf_changed":true,"footnotes":""},"class_list":["post-2361","page","type-page","status-publish","has-post-thumbnail","hentry"],"acf":[],"yoast_head":"<!-- This site is optimized with the Yoast SEO plugin v27.5 - https:\/\/yoast.com\/product\/yoast-seo-wordpress\/ -->\n<title>Carri\u00e8res | Environment Funders Canada<\/title>\n<meta name=\"robots\" content=\"index, follow, max-snippet:-1, max-image-preview:large, max-video-preview:-1\" \/>\n<link rel=\"canonical\" href=\"https:\/\/environmentfunders.ca\/fr\/carrieres\/\" \/>\n<meta property=\"og:locale\" content=\"fr_FR\" \/>\n<meta property=\"og:type\" content=\"article\" \/>\n<meta property=\"og:title\" content=\"Carri\u00e8res | Environment Funders Canada\" \/>\n<meta property=\"og:url\" content=\"https:\/\/environmentfunders.ca\/fr\/carrieres\/\" \/>\n<meta property=\"og:site_name\" content=\"Environment Funders Canada\" \/>\n<meta property=\"article:modified_time\" content=\"2026-03-23T18:13:27+00:00\" \/>\n<meta property=\"og:image\" content=\"https:\/\/environmentfunders.ca\/wp-content\/uploads\/2024\/06\/6-1-1024x675.png\" \/>\n\t<meta property=\"og:image:width\" content=\"1024\" \/>\n\t<meta property=\"og:image:height\" content=\"675\" \/>\n\t<meta property=\"og:image:type\" content=\"image\/png\" \/>\n<meta name=\"twitter:card\" content=\"summary_large_image\" \/>\n<script type=\"application\/ld+json\" class=\"yoast-schema-graph\">{\"@context\":\"https:\\\/\\\/schema.org\",\"@graph\":[{\"@type\":\"WebPage\",\"@id\":\"https:\\\/\\\/environmentfunders.ca\\\/fr\\\/carrieres\\\/\",\"url\":\"https:\\\/\\\/environmentfunders.ca\\\/fr\\\/carrieres\\\/\",\"name\":\"Carri\u00e8res | Environment Funders Canada\",\"isPartOf\":{\"@id\":\"https:\\\/\\\/environmentfunders.ca\\\/fr\\\/#website\"},\"primaryImageOfPage\":{\"@id\":\"https:\\\/\\\/environmentfunders.ca\\\/fr\\\/carrieres\\\/#primaryimage\"},\"image\":{\"@id\":\"https:\\\/\\\/environmentfunders.ca\\\/fr\\\/carrieres\\\/#primaryimage\"},\"thumbnailUrl\":\"https:\\\/\\\/environmentfunders.ca\\\/wp-content\\\/uploads\\\/2024\\\/06\\\/6-1.png\",\"datePublished\":\"2024-04-09T14:31:18+00:00\",\"dateModified\":\"2026-03-23T18:13:27+00:00\",\"breadcrumb\":{\"@id\":\"https:\\\/\\\/environmentfunders.ca\\\/fr\\\/carrieres\\\/#breadcrumb\"},\"inLanguage\":\"fr-FR\",\"potentialAction\":[{\"@type\":\"ReadAction\",\"target\":[\"https:\\\/\\\/environmentfunders.ca\\\/fr\\\/carrieres\\\/\"]}]},{\"@type\":\"ImageObject\",\"inLanguage\":\"fr-FR\",\"@id\":\"https:\\\/\\\/environmentfunders.ca\\\/fr\\\/carrieres\\\/#primaryimage\",\"url\":\"https:\\\/\\\/environmentfunders.ca\\\/wp-content\\\/uploads\\\/2024\\\/06\\\/6-1.png\",\"contentUrl\":\"https:\\\/\\\/environmentfunders.ca\\\/wp-content\\\/uploads\\\/2024\\\/06\\\/6-1.png\",\"width\":2000,\"height\":1318},{\"@type\":\"BreadcrumbList\",\"@id\":\"https:\\\/\\\/environmentfunders.ca\\\/fr\\\/carrieres\\\/#breadcrumb\",\"itemListElement\":[{\"@type\":\"ListItem\",\"position\":1,\"name\":\"Home\",\"item\":\"https:\\\/\\\/environmentfunders.ca\\\/fr\\\/\"},{\"@type\":\"ListItem\",\"position\":2,\"name\":\"Carri\u00e8res\"}]},{\"@type\":\"WebSite\",\"@id\":\"https:\\\/\\\/environmentfunders.ca\\\/fr\\\/#website\",\"url\":\"https:\\\/\\\/environmentfunders.ca\\\/fr\\\/\",\"name\":\"Environment Funders Canada\",\"description\":\"\",\"publisher\":{\"@id\":\"https:\\\/\\\/environmentfunders.ca\\\/fr\\\/\\\/#organization\"},\"alternateName\":\"EFC\",\"potentialAction\":[{\"@type\":\"SearchAction\",\"target\":{\"@type\":\"EntryPoint\",\"urlTemplate\":\"https:\\\/\\\/environmentfunders.ca\\\/fr\\\/?s={search_term_string}\"},\"query-input\":{\"@type\":\"PropertyValueSpecification\",\"valueRequired\":true,\"valueName\":\"search_term_string\"}}],\"inLanguage\":\"fr-FR\"},{\"@type\":\"Organization\",\"@id\":\"https:\\\/\\\/environmentfunders.ca\\\/fr\\\/#organization\",\"name\":\"Environment Funders Canada\",\"alternateName\":\"EFC\",\"url\":\"https:\\\/\\\/environmentfunders.ca\\\/fr\\\/\",\"logo\":{\"@type\":\"ImageObject\",\"inLanguage\":\"fr-FR\",\"@id\":\"https:\\\/\\\/environmentfunders.ca\\\/fr\\\/#\\\/schema\\\/logo\\\/image\\\/\",\"url\":\"https:\\\/\\\/environmentfunders.ca\\\/wp-content\\\/uploads\\\/2024\\\/06\\\/EFC-logo.jpg\",\"contentUrl\":\"https:\\\/\\\/environmentfunders.ca\\\/wp-content\\\/uploads\\\/2024\\\/06\\\/EFC-logo.jpg\",\"width\":696,\"height\":696,\"caption\":\"Environment Funders Canada\"},\"image\":{\"@id\":\"https:\\\/\\\/environmentfunders.ca\\\/fr\\\/#\\\/schema\\\/logo\\\/image\\\/\"},\"contactPoint\":{\"@type\":\"ContactPoint\",\"contactType\":\"Sales\",\"email\":\"info@environmentfunders.ca\",\"telephone\":\"+16472888891\"},\"sameAs\":[\"https:\\\/\\\/linkedin.com\\\/company\\\/environmentfunderscanada\\\/\"],\"location\":[{\"@type\":\"ProfessionalService\",\"@id\":\"https:\\\/\\\/environmentfunders.ca\\\/#location_0\",\"name\":\"Environment Funders Canada\",\"parentOrganization\":{\"@id\":\"https:\\\/\\\/environmentfunders.ca\\\/#organization\"},\"address\":{\"@type\":\"PostalAddress\",\"streetAddress\":\"2 St. Clair Avenue East, Suite 300\",\"addressLocality\":\"Toronto\",\"addressRegion\":\"Ontario\",\"postalCode\":\"M4T 2T5\",\"addressCountry\":\"CA\"},\"image\":{\"@type\":\"ImageObject\",\"url\":\"https:\\\/\\\/environmentfunders.ca\\\/wp-content\\\/themes\\\/wundertheme2024\\\/assets\\\/img\\\/logo.png\"},\"geo\":{\"@type\":\"GeoCoordinates\",\"latitude\":43.6882062,\"longitude\":-79.3945828}}]}]}<\/script>\n<!-- \/ Yoast SEO plugin. -->","yoast_head_json":{"title":"Carri\u00e8res | Environment Funders Canada","robots":{"index":"index","follow":"follow","max-snippet":"max-snippet:-1","max-image-preview":"max-image-preview:large","max-video-preview":"max-video-preview:-1"},"canonical":"https:\/\/environmentfunders.ca\/fr\/carrieres\/","og_locale":"fr_FR","og_type":"article","og_title":"Carri\u00e8res | Environment Funders Canada","og_url":"https:\/\/environmentfunders.ca\/fr\/carrieres\/","og_site_name":"Environment Funders Canada","article_modified_time":"2026-03-23T18:13:27+00:00","og_image":[{"width":1024,"height":675,"url":"https:\/\/environmentfunders.ca\/wp-content\/uploads\/2024\/06\/6-1-1024x675.png","type":"image\/png"}],"twitter_card":"summary_large_image","schema":{"@context":"https:\/\/schema.org","@graph":[{"@type":"WebPage","@id":"https:\/\/environmentfunders.ca\/fr\/carrieres\/","url":"https:\/\/environmentfunders.ca\/fr\/carrieres\/","name":"Carri\u00e8res | Environment Funders Canada","isPartOf":{"@id":"https:\/\/environmentfunders.ca\/fr\/#website"},"primaryImageOfPage":{"@id":"https:\/\/environmentfunders.ca\/fr\/carrieres\/#primaryimage"},"image":{"@id":"https:\/\/environmentfunders.ca\/fr\/carrieres\/#primaryimage"},"thumbnailUrl":"https:\/\/environmentfunders.ca\/wp-content\/uploads\/2024\/06\/6-1.png","datePublished":"2024-04-09T14:31:18+00:00","dateModified":"2026-03-23T18:13:27+00:00","breadcrumb":{"@id":"https:\/\/environmentfunders.ca\/fr\/carrieres\/#breadcrumb"},"inLanguage":"fr-FR","potentialAction":[{"@type":"ReadAction","target":["https:\/\/environmentfunders.ca\/fr\/carrieres\/"]}]},{"@type":"ImageObject","inLanguage":"fr-FR","@id":"https:\/\/environmentfunders.ca\/fr\/carrieres\/#primaryimage","url":"https:\/\/environmentfunders.ca\/wp-content\/uploads\/2024\/06\/6-1.png","contentUrl":"https:\/\/environmentfunders.ca\/wp-content\/uploads\/2024\/06\/6-1.png","width":2000,"height":1318},{"@type":"BreadcrumbList","@id":"https:\/\/environmentfunders.ca\/fr\/carrieres\/#breadcrumb","itemListElement":[{"@type":"ListItem","position":1,"name":"Home","item":"https:\/\/environmentfunders.ca\/fr\/"},{"@type":"ListItem","position":2,"name":"Carri\u00e8res"}]},{"@type":"WebSite","@id":"https:\/\/environmentfunders.ca\/fr\/#website","url":"https:\/\/environmentfunders.ca\/fr\/","name":"Environment Funders Canada","description":"","publisher":{"@id":"https:\/\/environmentfunders.ca\/fr\/\/#organization"},"alternateName":"EFC","potentialAction":[{"@type":"SearchAction","target":{"@type":"EntryPoint","urlTemplate":"https:\/\/environmentfunders.ca\/fr\/?s={search_term_string}"},"query-input":{"@type":"PropertyValueSpecification","valueRequired":true,"valueName":"search_term_string"}}],"inLanguage":"fr-FR"},{"@type":"Organization","@id":"https:\/\/environmentfunders.ca\/fr\/#organization","name":"Environment Funders Canada","alternateName":"EFC","url":"https:\/\/environmentfunders.ca\/fr\/","logo":{"@type":"ImageObject","inLanguage":"fr-FR","@id":"https:\/\/environmentfunders.ca\/fr\/#\/schema\/logo\/image\/","url":"https:\/\/environmentfunders.ca\/wp-content\/uploads\/2024\/06\/EFC-logo.jpg","contentUrl":"https:\/\/environmentfunders.ca\/wp-content\/uploads\/2024\/06\/EFC-logo.jpg","width":696,"height":696,"caption":"Environment Funders Canada"},"image":{"@id":"https:\/\/environmentfunders.ca\/fr\/#\/schema\/logo\/image\/"},"contactPoint":{"@type":"ContactPoint","contactType":"Sales","email":"info@environmentfunders.ca","telephone":"+16472888891"},"sameAs":["https:\/\/linkedin.com\/company\/environmentfunderscanada\/"],"location":[{"@type":"ProfessionalService","@id":"https:\/\/environmentfunders.ca\/#location_0","name":"Environment Funders Canada","parentOrganization":{"@id":"https:\/\/environmentfunders.ca\/#organization"},"address":{"@type":"PostalAddress","streetAddress":"2 St. Clair Avenue East, Suite 300","addressLocality":"Toronto","addressRegion":"Ontario","postalCode":"M4T 2T5","addressCountry":"CA"},"image":{"@type":"ImageObject","url":"https:\/\/environmentfunders.ca\/wp-content\/themes\/wundertheme2024\/assets\/img\/logo.png"},"geo":{"@type":"GeoCoordinates","latitude":43.6882062,"longitude":-79.3945828}}]}]}},"_links":{"self":[{"href":"https:\/\/environmentfunders.ca\/fr\/wp-json\/wp\/v2\/pages\/2361","targetHints":{"allow":["GET"]}}],"collection":[{"href":"https:\/\/environmentfunders.ca\/fr\/wp-json\/wp\/v2\/pages"}],"about":[{"href":"https:\/\/environmentfunders.ca\/fr\/wp-json\/wp\/v2\/types\/page"}],"author":[{"embeddable":true,"href":"https:\/\/environmentfunders.ca\/fr\/wp-json\/wp\/v2\/users\/1"}],"replies":[{"embeddable":true,"href":"https:\/\/environmentfunders.ca\/fr\/wp-json\/wp\/v2\/comments?post=2361"}],"version-history":[{"count":0,"href":"https:\/\/environmentfunders.ca\/fr\/wp-json\/wp\/v2\/pages\/2361\/revisions"}],"wp:featuredmedia":[{"embeddable":true,"href":"https:\/\/environmentfunders.ca\/fr\/wp-json\/wp\/v2\/media\/2438"}],"wp:attachment":[{"href":"https:\/\/environmentfunders.ca\/fr\/wp-json\/wp\/v2\/media?parent=2361"}],"curies":[{"name":"wp","href":"https:\/\/api.w.org\/{rel}","templated":true}]}}