{"id":2368,"date":"2024-04-09T11:16:22","date_gmt":"2024-04-09T15:16:22","guid":{"rendered":"https:\/\/environmentfunders.ca\/a-propos\/annual-reports\/"},"modified":"2025-11-26T23:06:17","modified_gmt":"2025-11-27T04:06:17","slug":"annual-reports","status":"publish","type":"page","link":"https:\/\/environmentfunders.ca\/fr\/a-propos\/annual-reports\/","title":{"rendered":"Rapports annuels"},"content":{"rendered":"        <\/div><header id=\"block_082fa33cdd74470c49808c5e74559156\" \n    class=\"block_082fa33cdd74470c49808c5e74559156 tw-section content-section-multimedia uk-preserve-color   uk-position-relative uk-section uk-section-overlap  uk-section-secondary-alt  layout-grid has_overlay uk-background-norepeat uk-background-cover uk-preserve-color uk-background-center-center uk-background-scroll uk-background-image header-section layout-multimedia layout-multimedia-none uk-overflow-hidden\"\n    uk-img data-src=\"https:\/\/environmentfunders.ca\/wp-content\/uploads\/2024\/12\/HALIFAX-iStock-953009874-1024x567.jpg\" data-srcset=\"https:\/\/environmentfunders.ca\/wp-content\/uploads\/2024\/12\/HALIFAX-iStock-953009874-400x222.jpg 400w, https:\/\/environmentfunders.ca\/wp-content\/uploads\/2024\/12\/HALIFAX-iStock-953009874-800x443.jpg 800w, https:\/\/environmentfunders.ca\/wp-content\/uploads\/2024\/12\/HALIFAX-iStock-953009874-1200x665.jpg 1200w, https:\/\/environmentfunders.ca\/wp-content\/uploads\/2024\/12\/HALIFAX-iStock-953009874-1600x887.jpg 1600w, https:\/\/environmentfunders.ca\/wp-content\/uploads\/2024\/12\/HALIFAX-iStock-953009874-2048x1135.jpg 2048w\" data-sizes=\"(max-width: 500px) 400px, (max-width: 800px) 800px, (max-width: 1024px) 1024px, (max-width: 1200px) 1200px, (max-width: 1600px) 1600px, (max-width: 2048px) 2048px\"\n        >\n    \n    \n            <div class=\"tw-section-overlay uk-overlay-secondary uk-blend-multiply  uk-position-cover\"><\/div><!-- uk-overlay-->\n    \n        \n    <!-- Open Wrapper-->\n    <div class=\"uk-container   uk-container-expand-center   uk-position-relative\">\n    <!-- Open Wrapper Inner --> <div>\n    <div class=\"spacer-section uk-width-1-1\" style=\"height:120px;\"><\/div>    \n    <div class=\"uk-grid uk-grid-item-match uk-position-relative  uk-grid-medium\" uk-grid uk-height-match><!-- Open Grid -->\n                <div class=\"uk-width-1-1 uk-width-expand@s \" style=\"\">\n            <div  >\n            <header class=\"section-header uk-margin-bottom uk-text-left uk-light \" uk-scrollspy=\"cls: uk-animation-slide-left-small; delay: 300; \" >  \n    \n            \n        <h1 class=\"uk-heading-medium  uk-margin-remove-top  content-section-title \">\n            Rapports annuels\n        <\/h1>\n            \n    \n\n    <\/header>\n            <\/div>\n        <\/div>\n            \n            <div class=\"block-none uk-inline uk-width-1-1 uk-width-1-1@m uk-flex uk-flex-first uk-flex-left uk-flex-column \">\n                <div class=\"\"><\/div>            <\/div>\n        \n        <\/div><!-- Close Grid -->\n        <\/div><!-- Close Inner Wrapper -->\n<\/div><!-- Close Wrapper-->    <\/header>\n    \n    <section id=\"breadcrumbs\" class=\"breadcrumbs uk-background-secondary-alt uk-light uk-overflow-auto\">\n  <div class=\"uk-container uk-container- \">\n    <nav class=\"breadcrumb-wrapper\" role=\"navigation\" aria-label=\"Breadcrumb\">\n        <ul class=\"uk-breadcrumb uk-margin-remove-bottom\"><li typeof=\"v:Breadcrumb\" >\n        <a href=\"https:\/\/environmentfunders.ca\/fr\/\" title=\"Home\" rel=\"v:url\" property=\"v:title\"\n         aria-label=\"Accueil\"  ><span class=\"uk-icon\" uk-icon=\"home\"><meta content=\"Home\" \/> <\/a>\n        <\/li><\/ul>    <\/nav>\n  <\/div>\n<\/section>\n\n<div class=\"uk-container uk-container-xsmall\" >\n    \n\n<\/div><section id=\"content-tw_document-block_2a8e305f32831844f7486ce7c8be2451\" \n    class=\"content-tw_document-block_2a8e305f32831844f7486ce7c8be2451 tw-section content-section-tw_document uk-preserve-color   uk-position-relative uk-section uk-section-overlap  uk-section-default  layout-grid layout-tw_document layout-tw_document-grid-small\"\n    \n        >\n    \n    \n    \n        \n    <!-- Open Wrapper-->\n    <div class=\"uk-container uk-container-xsmall  uk-container-expand-center   uk-position-relative\">\n    <!-- Open Wrapper Inner --> <div>\n        \n    <div class=\"uk-grid uk-grid-item-match uk-position-relative  uk-grid-medium\" uk-grid uk-height-match><!-- Open Grid -->\n                <div class=\"uk-width-1-1 uk-width-expand@s \" style=\"\">\n            <div  >\n            <header class=\"section-header uk-margin-bottom uk-text-left uk-dark \" uk-scrollspy=\"cls: uk-animation-slide-left-small; delay: 300; \" >  \n    \n    \n    \n\n        <div class=\"content-section-description uk-text-medium uk-column-1-1@m \">\n        <p>Vous trouverez ci-dessous les rapports annuels et les \u00e9tats financiers v\u00e9rifi\u00e9s d\u2019Environment Funders Canada (anciennement Canadian Environmental Grantmakers\u2019 Network).<\/p>\n    <\/div>\n    <\/header>\n            <\/div>\n        <\/div>\n            \n<script type=\"application\/ld+json\">{\"@context\":\"https:\/\/schema.org\",\"@type\":\"ItemList\",\"@id\":\"https:\/\/environmentfunders.ca\/fr\/a-propos\/annual-reports\/\",\"url\":\"https:\/\/environmentfunders.ca\/fr\/a-propos\/annual-reports\/\",\"name\":\"Documents\",\"description\":\"\",\"mainEntity\":{\"@type\":\"ItemList\",\"itemListElement\":[{\"@type\":\"ListItem\",\"position\":1,\"item\":{\"@type\":\"DigitalDocument\",\"name\":\"RAPPORT ANNUEL 2024\",\"description\":\"\",\"url\":\"https:\/\/environmentfunders.ca\/fr\/members\/learn\/documents\/rapport-annuel-2024\/\",\"inLanguage\":\"fr\",\"datePublished\":\"2025-07-29T16:44:01+00:00\",\"publisher\":{\"@type\":\"Organization\",\"name\":\"Environment Funders Canada\",\"url\":\"https:\/\/environmentfunders.ca\"},\"image\":\"https:\/\/environmentfunders.ca\/wp-content\/uploads\/2025\/11\/FRENCH-annual-report-2024.png\",\"potentialAction\":{\"@type\":\"ReadAction\",\"name\":\"RAPPORT ANNUEL 2024\",\"target\":\"https:\/\/environmentfunders.ca\/fr\/members\/learn\/documents\/rapport-annuel-2024\/\"}}}]}}<\/script>    <div class=\"uk-width-1-1 uk-width-1-1@m uk-flex-last\">\n        <div class=\"\" >\n            <div class=\"layout-tw_document-grid-small uk-grid  uk-child-width-1-2@s uk-child-width-1-2@m uk-grid-match\" uk-grid>\n                <div class=\"loop-container\">\n            <article id=\"tw_document-4054\" class=\"uk-card uk-card-default uk-card-small uk-card-hover uk-grid uk-grid-collapse uk-grid-match post-4054 tw_document type-tw_document status-publish hentry tw_document_category-rapports-annuels tw_document_tag-82 tw_document_tag-rapports-annuels\" uk-grid >\n\n   <section class=\"uk-card-media-right uk-width-1-4 uk-width-1-5@s uk-width-1-6@l uk-flex-first uk-flex-last@s uk-position-relative uk-overflow-hidden uk-inline-clip uk-transition-toggle uk-animation-toggle\">\n\n    \n        <a href=\"https:\/\/environmentfunders.ca\/fr\/members\/learn\/documents\/rapport-annuel-2024\/\"\n      role=\"link\"\n      title=\"En savoir plus sur RAPPORT ANNUEL 2024\"\n      aria-label=\"En savoir plus sur RAPPORT ANNUEL 2024\"\n          >\n          <figure class=\"uk-margin-remove-bottom  uk-cover-container uk-height-1-1 uk-background-secondary\"  >\n                    <img decoding=\"async\"\n              src=\"https:\/\/environmentfunders.ca\/wp-content\/uploads\/2025\/07\/Cover-150x150.png\"  \n              data-src=\"https:\/\/environmentfunders.ca\/wp-content\/uploads\/2025\/07\/Cover-150x150.png\"\n                            data-srcset=\"\n                  https:\/\/environmentfunders.ca\/wp-content\/uploads\/2025\/07\/Cover-400x518.png 400w,\n                  https:\/\/environmentfunders.ca\/wp-content\/uploads\/2025\/07\/Cover-800x1036.png 800w\"\n              data-sizes=\"(max-width: 400px) 400px,\n                  (max-width: 800px) 800px\"\n                            width=\"150\"\n              height=\"150\"\n              alt=\"\"\n              class=\"uk-width-1-1\"\n              \n              uk-img=\"target: !* -*, !* +*\"\n              uk-cover          \/>\n          \n                          <div class=\"uk-overlay uk-overlay-secondary uk-position-cover uk-transition-fade\">\n          <span class=\"uk-position-center\" uk-icon=\"icon: plus; ratio: 2\"><\/span>\n        <\/div>\n        \n      <\/figure>\n  <\/a><\/section>\n    <div class=\"uk-width-expand\">\n        <header class=\"uk-card-body\">\n            <a href=\"https:\/\/environmentfunders.ca\/fr\/members\/learn\/documents\/rapport-annuel-2024\/\" title=\"Read RAPPORT ANNUEL 2024\" >                <h4 class=\"uk-card-title uk-card-title-small uk-link-heading uk-margin-remove\" >\n                    <span  class=\"uk-icon\"  uk-icon=\"icon: file-pdf\" ><\/span> RAPPORT ANNUEL 2024                <\/h4>\n            <\/a>            <aside class=\"tw-card-meta post-meta entry-meta uk-grid\" uk-grid >\n\n    <div class=\"uk-article-meta entry-date  uk-width-1-1 uk-width-auto@s uk-margin-remove-top\">\n      <div>\n        <time class=\"updated\"  datetime=\"2025-07-29T12:44:01-04:00\" pubdate>\n            29 juillet 2025        <\/time>\n      <\/div>\n    <\/div>\n\n        <div class=\"uk-article-meta  entry-categories uk-width-auto uk-margin-remove-top\">\n        <div>\n                        <a href=\"https:\/\/environmentfunders.ca\/fr\/members\/learn\/document-category\/rapports-annuels\/\" title=\"Browse all resources in Rapports annuels library\">\n                            Rapports annuels            <\/a>        <\/div>\n    <\/div>\n    <\/aside>\n        <\/header>\n    <\/div>\n<\/article>\n        <\/div>\n        <\/div>\n        <\/div>\n    <\/div>\n\n        <\/div><!-- Close Grid -->\n        <\/div><!-- Close Inner Wrapper -->\n<\/div><!-- Close Wrapper-->    <\/section>\n    \n\n<div class=\"uk-container uk-container-xsmall\" >\n\n\n\n<p><\/p>\n","protected":false},"excerpt":{"rendered":"","protected":false},"author":1,"featured_media":3304,"parent":2354,"menu_order":0,"comment_status":"closed","ping_status":"closed","template":"","meta":{"_acf_changed":true,"footnotes":""},"class_list":["post-2368","page","type-page","status-publish","has-post-thumbnail","hentry"],"acf":[],"yoast_head":"<!-- This site is optimized with the Yoast SEO plugin v27.2 - https:\/\/yoast.com\/product\/yoast-seo-wordpress\/ -->\n<title>Rapports annuels | Environment Funders Canada<\/title>\n<meta name=\"robots\" content=\"index, follow, max-snippet:-1, max-image-preview:large, max-video-preview:-1\" \/>\n<link rel=\"canonical\" href=\"https:\/\/environmentfunders.ca\/fr\/a-propos\/annual-reports\/\" \/>\n<meta property=\"og:locale\" content=\"fr_FR\" \/>\n<meta property=\"og:type\" content=\"article\" \/>\n<meta property=\"og:title\" content=\"Rapports annuels | Environment Funders Canada\" \/>\n<meta property=\"og:url\" content=\"https:\/\/environmentfunders.ca\/fr\/a-propos\/annual-reports\/\" \/>\n<meta property=\"og:site_name\" content=\"Environment Funders Canada\" \/>\n<meta property=\"article:modified_time\" content=\"2025-11-27T04:06:17+00:00\" \/>\n<meta property=\"og:image\" content=\"https:\/\/environmentfunders.ca\/wp-content\/uploads\/2024\/12\/HALIFAX-iStock-953009874-scaled.jpg\" \/>\n\t<meta property=\"og:image:width\" content=\"2560\" \/>\n\t<meta property=\"og:image:height\" content=\"1419\" \/>\n\t<meta property=\"og:image:type\" content=\"image\/jpeg\" \/>\n<meta name=\"twitter:card\" content=\"summary_large_image\" \/>\n<script type=\"application\/ld+json\" class=\"yoast-schema-graph\">{\"@context\":\"https:\/\/schema.org\",\"@graph\":[{\"@type\":\"WebPage\",\"@id\":\"https:\/\/environmentfunders.ca\/fr\/a-propos\/annual-reports\/\",\"url\":\"https:\/\/environmentfunders.ca\/fr\/a-propos\/annual-reports\/\",\"name\":\"Rapports annuels | Environment Funders Canada\",\"isPartOf\":{\"@id\":\"https:\/\/environmentfunders.ca\/fr\/#website\"},\"primaryImageOfPage\":{\"@id\":\"https:\/\/environmentfunders.ca\/fr\/a-propos\/annual-reports\/#primaryimage\"},\"image\":{\"@id\":\"https:\/\/environmentfunders.ca\/fr\/a-propos\/annual-reports\/#primaryimage\"},\"thumbnailUrl\":\"https:\/\/environmentfunders.ca\/wp-content\/uploads\/2024\/12\/HALIFAX-iStock-953009874-scaled.jpg\",\"datePublished\":\"2024-04-09T15:16:22+00:00\",\"dateModified\":\"2025-11-27T04:06:17+00:00\",\"breadcrumb\":{\"@id\":\"https:\/\/environmentfunders.ca\/fr\/a-propos\/annual-reports\/#breadcrumb\"},\"inLanguage\":\"fr-FR\",\"potentialAction\":[{\"@type\":\"ReadAction\",\"target\":[\"https:\/\/environmentfunders.ca\/fr\/a-propos\/annual-reports\/\"]}]},{\"@type\":\"ImageObject\",\"inLanguage\":\"fr-FR\",\"@id\":\"https:\/\/environmentfunders.ca\/fr\/a-propos\/annual-reports\/#primaryimage\",\"url\":\"https:\/\/environmentfunders.ca\/wp-content\/uploads\/2024\/12\/HALIFAX-iStock-953009874-scaled.jpg\",\"contentUrl\":\"https:\/\/environmentfunders.ca\/wp-content\/uploads\/2024\/12\/HALIFAX-iStock-953009874-scaled.jpg\",\"width\":2560,\"height\":1419,\"caption\":\"Peggy's cove lighthouse sunset ocean view landscape in Halifax, Nova Scotia\"},{\"@type\":\"BreadcrumbList\",\"@id\":\"https:\/\/environmentfunders.ca\/fr\/a-propos\/annual-reports\/#breadcrumb\",\"itemListElement\":[{\"@type\":\"ListItem\",\"position\":1,\"name\":\"Home\",\"item\":\"https:\/\/environmentfunders.ca\/fr\/\"},{\"@type\":\"ListItem\",\"position\":2,\"name\":\"\u00c0 propos\",\"item\":\"https:\/\/environmentfunders.ca\/fr\/a-propos\/\"},{\"@type\":\"ListItem\",\"position\":3,\"name\":\"Rapports annuels\"}]},{\"@type\":\"WebSite\",\"@id\":\"https:\/\/environmentfunders.ca\/fr\/#website\",\"url\":\"https:\/\/environmentfunders.ca\/fr\/\",\"name\":\"Environment Funders Canada\",\"description\":\"\",\"publisher\":{\"@id\":\"https:\/\/environmentfunders.ca\/fr\/\/#organization\"},\"alternateName\":\"EFC\",\"potentialAction\":[{\"@type\":\"SearchAction\",\"target\":{\"@type\":\"EntryPoint\",\"urlTemplate\":\"https:\/\/environmentfunders.ca\/fr\/?s={search_term_string}\"},\"query-input\":{\"@type\":\"PropertyValueSpecification\",\"valueRequired\":true,\"valueName\":\"search_term_string\"}}],\"inLanguage\":\"fr-FR\"},{\"@type\":\"Organization\",\"@id\":\"https:\/\/environmentfunders.ca\/fr\/#organization\",\"name\":\"Environment Funders Canada\",\"alternateName\":\"EFC\",\"url\":\"https:\/\/environmentfunders.ca\/fr\/\",\"logo\":{\"@type\":\"ImageObject\",\"inLanguage\":\"fr-FR\",\"@id\":\"https:\/\/environmentfunders.ca\/fr\/#\/schema\/logo\/image\/\",\"url\":\"https:\/\/environmentfunders.ca\/wp-content\/uploads\/2024\/06\/EFC-logo.jpg\",\"contentUrl\":\"https:\/\/environmentfunders.ca\/wp-content\/uploads\/2024\/06\/EFC-logo.jpg\",\"width\":696,\"height\":696,\"caption\":\"Environment Funders Canada\"},\"image\":{\"@id\":\"https:\/\/environmentfunders.ca\/fr\/#\/schema\/logo\/image\/\"},\"contactPoint\":{\"@type\":\"ContactPoint\",\"contactType\":\"Sales\",\"email\":\"info@environmentfunders.ca\",\"telephone\":\"+16472888891\"},\"sameAs\":[\"https:\/\/linkedin.com\/company\/environmentfunderscanada\/\"],\"location\":[{\"@type\":\"ProfessionalService\",\"@id\":\"https:\/\/environmentfunders.ca\/#location_0\",\"name\":\"Environment Funders Canada\",\"parentOrganization\":{\"@id\":\"https:\/\/environmentfunders.ca\/#organization\"},\"address\":{\"@type\":\"PostalAddress\",\"streetAddress\":\"2 St. Clair Avenue East, Suite 300\",\"addressLocality\":\"Toronto\",\"addressRegion\":\"Ontario\",\"postalCode\":\"M4T 2T5\",\"addressCountry\":\"CA\"},\"image\":{\"@type\":\"ImageObject\",\"url\":\"https:\/\/environmentfunders.ca\/wp-content\/themes\/wundertheme2024\/assets\/img\/logo.png\"},\"geo\":{\"@type\":\"GeoCoordinates\",\"latitude\":43.6882062,\"longitude\":-79.3945828}}]}]}<\/script>\n<!-- \/ Yoast SEO plugin. -->","yoast_head_json":{"title":"Rapports annuels | Environment Funders Canada","robots":{"index":"index","follow":"follow","max-snippet":"max-snippet:-1","max-image-preview":"max-image-preview:large","max-video-preview":"max-video-preview:-1"},"canonical":"https:\/\/environmentfunders.ca\/fr\/a-propos\/annual-reports\/","og_locale":"fr_FR","og_type":"article","og_title":"Rapports annuels | Environment Funders Canada","og_url":"https:\/\/environmentfunders.ca\/fr\/a-propos\/annual-reports\/","og_site_name":"Environment Funders Canada","article_modified_time":"2025-11-27T04:06:17+00:00","og_image":[{"width":2560,"height":1419,"url":"https:\/\/environmentfunders.ca\/wp-content\/uploads\/2024\/12\/HALIFAX-iStock-953009874-scaled.jpg","type":"image\/jpeg"}],"twitter_card":"summary_large_image","schema":{"@context":"https:\/\/schema.org","@graph":[{"@type":"WebPage","@id":"https:\/\/environmentfunders.ca\/fr\/a-propos\/annual-reports\/","url":"https:\/\/environmentfunders.ca\/fr\/a-propos\/annual-reports\/","name":"Rapports annuels | Environment Funders Canada","isPartOf":{"@id":"https:\/\/environmentfunders.ca\/fr\/#website"},"primaryImageOfPage":{"@id":"https:\/\/environmentfunders.ca\/fr\/a-propos\/annual-reports\/#primaryimage"},"image":{"@id":"https:\/\/environmentfunders.ca\/fr\/a-propos\/annual-reports\/#primaryimage"},"thumbnailUrl":"https:\/\/environmentfunders.ca\/wp-content\/uploads\/2024\/12\/HALIFAX-iStock-953009874-scaled.jpg","datePublished":"2024-04-09T15:16:22+00:00","dateModified":"2025-11-27T04:06:17+00:00","breadcrumb":{"@id":"https:\/\/environmentfunders.ca\/fr\/a-propos\/annual-reports\/#breadcrumb"},"inLanguage":"fr-FR","potentialAction":[{"@type":"ReadAction","target":["https:\/\/environmentfunders.ca\/fr\/a-propos\/annual-reports\/"]}]},{"@type":"ImageObject","inLanguage":"fr-FR","@id":"https:\/\/environmentfunders.ca\/fr\/a-propos\/annual-reports\/#primaryimage","url":"https:\/\/environmentfunders.ca\/wp-content\/uploads\/2024\/12\/HALIFAX-iStock-953009874-scaled.jpg","contentUrl":"https:\/\/environmentfunders.ca\/wp-content\/uploads\/2024\/12\/HALIFAX-iStock-953009874-scaled.jpg","width":2560,"height":1419,"caption":"Peggy's cove lighthouse sunset ocean view landscape in Halifax, Nova Scotia"},{"@type":"BreadcrumbList","@id":"https:\/\/environmentfunders.ca\/fr\/a-propos\/annual-reports\/#breadcrumb","itemListElement":[{"@type":"ListItem","position":1,"name":"Home","item":"https:\/\/environmentfunders.ca\/fr\/"},{"@type":"ListItem","position":2,"name":"\u00c0 propos","item":"https:\/\/environmentfunders.ca\/fr\/a-propos\/"},{"@type":"ListItem","position":3,"name":"Rapports annuels"}]},{"@type":"WebSite","@id":"https:\/\/environmentfunders.ca\/fr\/#website","url":"https:\/\/environmentfunders.ca\/fr\/","name":"Environment Funders Canada","description":"","publisher":{"@id":"https:\/\/environmentfunders.ca\/fr\/\/#organization"},"alternateName":"EFC","potentialAction":[{"@type":"SearchAction","target":{"@type":"EntryPoint","urlTemplate":"https:\/\/environmentfunders.ca\/fr\/?s={search_term_string}"},"query-input":{"@type":"PropertyValueSpecification","valueRequired":true,"valueName":"search_term_string"}}],"inLanguage":"fr-FR"},{"@type":"Organization","@id":"https:\/\/environmentfunders.ca\/fr\/#organization","name":"Environment Funders Canada","alternateName":"EFC","url":"https:\/\/environmentfunders.ca\/fr\/","logo":{"@type":"ImageObject","inLanguage":"fr-FR","@id":"https:\/\/environmentfunders.ca\/fr\/#\/schema\/logo\/image\/","url":"https:\/\/environmentfunders.ca\/wp-content\/uploads\/2024\/06\/EFC-logo.jpg","contentUrl":"https:\/\/environmentfunders.ca\/wp-content\/uploads\/2024\/06\/EFC-logo.jpg","width":696,"height":696,"caption":"Environment Funders Canada"},"image":{"@id":"https:\/\/environmentfunders.ca\/fr\/#\/schema\/logo\/image\/"},"contactPoint":{"@type":"ContactPoint","contactType":"Sales","email":"info@environmentfunders.ca","telephone":"+16472888891"},"sameAs":["https:\/\/linkedin.com\/company\/environmentfunderscanada\/"],"location":[{"@type":"ProfessionalService","@id":"https:\/\/environmentfunders.ca\/#location_0","name":"Environment Funders Canada","parentOrganization":{"@id":"https:\/\/environmentfunders.ca\/#organization"},"address":{"@type":"PostalAddress","streetAddress":"2 St. Clair Avenue East, Suite 300","addressLocality":"Toronto","addressRegion":"Ontario","postalCode":"M4T 2T5","addressCountry":"CA"},"image":{"@type":"ImageObject","url":"https:\/\/environmentfunders.ca\/wp-content\/themes\/wundertheme2024\/assets\/img\/logo.png"},"geo":{"@type":"GeoCoordinates","latitude":43.6882062,"longitude":-79.3945828}}]}]}},"_links":{"self":[{"href":"https:\/\/environmentfunders.ca\/fr\/wp-json\/wp\/v2\/pages\/2368","targetHints":{"allow":["GET"]}}],"collection":[{"href":"https:\/\/environmentfunders.ca\/fr\/wp-json\/wp\/v2\/pages"}],"about":[{"href":"https:\/\/environmentfunders.ca\/fr\/wp-json\/wp\/v2\/types\/page"}],"author":[{"embeddable":true,"href":"https:\/\/environmentfunders.ca\/fr\/wp-json\/wp\/v2\/users\/1"}],"replies":[{"embeddable":true,"href":"https:\/\/environmentfunders.ca\/fr\/wp-json\/wp\/v2\/comments?post=2368"}],"version-history":[{"count":0,"href":"https:\/\/environmentfunders.ca\/fr\/wp-json\/wp\/v2\/pages\/2368\/revisions"}],"up":[{"embeddable":true,"href":"https:\/\/environmentfunders.ca\/fr\/wp-json\/wp\/v2\/pages\/2354"}],"wp:featuredmedia":[{"embeddable":true,"href":"https:\/\/environmentfunders.ca\/fr\/wp-json\/wp\/v2\/media\/3304"}],"wp:attachment":[{"href":"https:\/\/environmentfunders.ca\/fr\/wp-json\/wp\/v2\/media?parent=2368"}],"curies":[{"name":"wp","href":"https:\/\/api.w.org\/{rel}","templated":true}]}}