{"id":2402,"date":"2024-04-09T15:15:37","date_gmt":"2024-04-09T19:15:37","guid":{"rendered":"https:\/\/environmentfunders.ca\/adhesion\/navigating-our-diverse-membership\/"},"modified":"2025-01-29T18:05:04","modified_gmt":"2025-01-29T23:05:04","slug":"mieux-comprendre-notre-communaute-diversifiee-de-membres","status":"publish","type":"page","link":"https:\/\/environmentfunders.ca\/fr\/adhesion\/mieux-comprendre-notre-communaute-diversifiee-de-membres\/","title":{"rendered":"Mieux comprendre notre communaut\u00e9 diversifi\u00e9e de membres"},"content":{"rendered":"        <\/div><header id=\"block_a2a2765c4d56d0bbde03545a7392ec4b\" \n    class=\"block_a2a2765c4d56d0bbde03545a7392ec4b tw-section content-section-multimedia uk-preserve-color   uk-position-relative uk-section uk-section-overlap  uk-section-secondary-alt  layout-grid has_overlay uk-background-norepeat uk-background-cover uk-preserve-color uk-background-bottom-center uk-background-scroll uk-background-image header-section layout-multimedia layout-multimedia-none uk-overflow-hidden\"\n    uk-img data-src=\"https:\/\/environmentfunders.ca\/wp-content\/uploads\/2024\/05\/NAVIGATING-AdobeStock_120432139-1024x683.jpeg\" data-srcset=\"https:\/\/environmentfunders.ca\/wp-content\/uploads\/2024\/05\/NAVIGATING-AdobeStock_120432139-400x267.jpeg 400w, https:\/\/environmentfunders.ca\/wp-content\/uploads\/2024\/05\/NAVIGATING-AdobeStock_120432139-800x533.jpeg 800w, https:\/\/environmentfunders.ca\/wp-content\/uploads\/2024\/05\/NAVIGATING-AdobeStock_120432139-1200x800.jpeg 1200w, https:\/\/environmentfunders.ca\/wp-content\/uploads\/2024\/05\/NAVIGATING-AdobeStock_120432139-1600x1067.jpeg 1600w, https:\/\/environmentfunders.ca\/wp-content\/uploads\/2024\/05\/NAVIGATING-AdobeStock_120432139-2048x1365.jpeg 2048w\" data-sizes=\"(max-width: 500px) 400px, (max-width: 800px) 800px, (max-width: 1024px) 1024px, (max-width: 1200px) 1200px, (max-width: 1600px) 1600px, (max-width: 2048px) 2048px\"\n        >\n    \n    \n            <div class=\"tw-section-overlay uk-overlay-secondary uk-blend-multiply  uk-position-cover\"><\/div><!-- uk-overlay-->\n    \n        \n    <!-- Open Wrapper-->\n    <div class=\"uk-container   uk-container-expand-center   uk-position-relative\">\n    <!-- Open Wrapper Inner --> <div>\n    <div class=\"spacer-section uk-width-1-1\" style=\"height:120px;\"><\/div>    \n    <div class=\"uk-grid uk-grid-item-match uk-position-relative  uk-grid-medium\" uk-grid uk-height-match><!-- Open Grid -->\n                <div class=\"uk-width-1-1 uk-width-expand@s uk-flex uk-flex-middle\" style=\"\">\n            <div  >\n            <header class=\"section-header uk-margin-bottom uk-text-left uk-light \" uk-scrollspy=\"cls: uk-animation-slide-left-small; delay: 300; \" >  \n    \n            \n        <h1 class=\"uk-heading-medium  uk-margin-remove-top  content-section-title \">\n            Mieux comprendre notre communaut\u00e9 diversifi\u00e9e de membres\n        <\/h1>\n            \n    \n\n    <\/header>\n            <\/div>\n        <\/div>\n            \n            <div class=\"block-none uk-inline uk-width-1-1 uk-width-1-3@m uk-flex uk-flex-last@m uk-flex-middle@m \">\n                <div class=\"\"><\/div>            <\/div>\n        \n        <\/div><!-- Close Grid -->\n        <\/div><!-- Close Inner Wrapper -->\n<\/div><!-- Close Wrapper-->    <\/header>\n    \n    <section id=\"breadcrumbs\" class=\"breadcrumbs uk-background-secondary-alt uk-light uk-overflow-auto\">\n  <div class=\"uk-container uk-container- \">\n    <nav class=\"breadcrumb-wrapper\" role=\"navigation\" aria-label=\"Breadcrumb\">\n        <ul class=\"uk-breadcrumb uk-margin-remove-bottom\"><li typeof=\"v:Breadcrumb\" >\n        <a href=\"https:\/\/environmentfunders.ca\/fr\/\" title=\"Home\" rel=\"v:url\" property=\"v:title\"\n         aria-label=\"Accueil\"  ><span class=\"uk-icon\" uk-icon=\"home\"><meta content=\"Home\" \/> <\/a>\n        <\/li><\/ul>    <\/nav>\n  <\/div>\n<\/section>\n\n<div class=\"uk-container uk-container-xsmall\" >\n    \n\n\n<div style=\"height:40px\" aria-hidden=\"true\" class=\"wp-block-spacer\"><\/div>\n\n\n\n<p>Environment Funders Canada (EFC) est un r\u00e9seau vaste et inclusif de bailleurs de fonds en environnement. Provenant des secteurs philanthropique, gouvernemental et priv\u00e9, nos membres s\u2019engagent, avec ambition et audace, \u00e0 affronter les crises touchant le climat et la biodiversit\u00e9. La diversit\u00e9 des perspectives, priorit\u00e9s et approches strat\u00e9giques repr\u00e9sente une caract\u00e9ristique inh\u00e9rente \u00e0 la plupart des structures en r\u00e9seau, et EFC ne fait pas exception \u00e0 la r\u00e8gle. Malgr\u00e9 leur appartenance commune \u00e0 EFC, nos membres ne sont pas forc\u00e9ment toujours en accord parfait les uns avec les autres. Gr\u00e2ce \u00e0 cette diversit\u00e9, nous trouvons la force de faire avancer des changements syst\u00e9miques intersectoriels.<\/p>\n\n\n\n<p>Nous contestons \u00e9galement la dichotomie commune qui oppose le financement \u00ab sale \u00bb et le financement \u00ab propre \u00bb, car nous savons que beaucoup de la richesse publique et priv\u00e9e provient de sources et\/ou est utilis\u00e9e \u00e0 des fins ayant des impacts n\u00e9gatifs sur la soci\u00e9t\u00e9 et l\u2019environnement. Cependant, nous sommes conscient\u00b7es que des tensions existent au sein de notre communaut\u00e9 diversifi\u00e9e. Nous reconnaissons la l\u00e9gitimit\u00e9 des pr\u00e9occupations quant aux possibilit\u00e9s qu\u2019EFC favorise par inadvertance l\u2019\u00e9coblanchiment, le partage d\u2019informations confidentielles sur les strat\u00e9gies concernant les changements environnementaux ainsi que des influences incongrues sur nos valeurs organisationnelles.<\/p>\n\n\n\n<p>Nous prenons les mesures suivantes afin de g\u00e9rer activement ces probl\u00e8mes potentiels :<\/p>\n\n\n\n<ul class=\"wp-block-list\">\n<li>Nous ne prenons jamais de positions organisationnelles au nom de nos membres, mais nous prenons des positions en tant qu\u2019entit\u00e9 ind\u00e9pendante sous la direction de notre Conseil d\u2019administration (Conseil).<\/li>\n\n\n\n<li>L\u2019adh\u00e9sion des membres est approuv\u00e9e par notre Conseil d\u2019administration au cas par cas, en \u00e9valuant si les valeurs des candidats cadrent avec celles d\u2019EFC. Nos membres doivent faire preuve d\u2019un engagement r\u00e9el et sinc\u00e8re envers le financement de solutions qui favorisent la biodiversit\u00e9 ainsi que la cr\u00e9ation d\u2019un avenir durable et sobre en carbone. Bien que nous nous attendions \u00e0 ce que les entreprises priv\u00e9es membres se soumettent \u00e0 des \u00e9valuations ESG rigoureuses, nous n\u2019\u00e9valuerons pas les op\u00e9rations ou activit\u00e9s quotidiennes de nos membres.<\/li>\n\n\n\n<li>Nous acceptons les contributions financi\u00e8res de tous les membres, pourvu qu\u2019elles ne soient pas accompagn\u00e9es de conditions qui nuisent au travail d\u2019EFC.<\/li>\n\n\n\n<li>Nous adh\u00e9rons \u00e0 notre Politique sur les conflits d\u2019int\u00e9r\u00eats, qui stipule que, au cas par cas, nous restreindrons la participation de membres dans certains programmes et groupes de travail, de m\u00eame que leur admissibilit\u00e9 au Conseil d\u2019administration, si ces membres proviennent de secteurs qui ont des impacts n\u00e9gatifs importants sur l\u2019environnement naturel. Cette mesure vise \u00e0 assurer la protection de renseignements confidentiels. Nous veillerons \u00e9galement \u00e0 ce que l\u2019association de tels membres avec EFC ne soit pas promue pour des raisons qui concernent le marketing ou la r\u00e9putation de ces organisations.<\/li>\n<\/ul>\n\n\n\n<p>Dans ce contexte, nous recherchons des points de convergence, o\u00f9 des groupes de membres d\u2019EFC peuvent travailler ensemble pour faire avancer des priorit\u00e9s environnementales communes.<\/p>\n\n\n\n<div style=\"height:40px\" aria-hidden=\"true\" class=\"wp-block-spacer\"><\/div>\n","protected":false},"excerpt":{"rendered":"<p>Environment Funders Canada (EFC) est un r\u00e9seau vaste et inclusif de bailleurs de fonds en environnement. Provenant des secteurs philanthropique, gouvernemental et priv\u00e9, nos membres [&hellip;]<\/p>\n","protected":false},"author":1,"featured_media":2189,"parent":2372,"menu_order":0,"comment_status":"closed","ping_status":"closed","template":"","meta":{"_acf_changed":true,"footnotes":""},"class_list":["post-2402","page","type-page","status-publish","has-post-thumbnail","hentry"],"acf":[],"yoast_head":"<!-- This site is optimized with the Yoast SEO plugin v27.5 - https:\/\/yoast.com\/product\/yoast-seo-wordpress\/ -->\n<title>Mieux comprendre notre communaut\u00e9 diversifi\u00e9e de membres | Environment Funders Canada<\/title>\n<meta name=\"description\" content=\"Environment Funders Canada (EFC) est un r\u00e9seau vaste et inclusif de bailleurs de fonds en environnement. Provenant des secteurs philanthropique,\" \/>\n<meta name=\"robots\" content=\"index, follow, max-snippet:-1, max-image-preview:large, max-video-preview:-1\" \/>\n<link rel=\"canonical\" href=\"https:\/\/environmentfunders.ca\/fr\/adhesion\/mieux-comprendre-notre-communaute-diversifiee-de-membres\/\" \/>\n<meta property=\"og:locale\" content=\"fr_FR\" \/>\n<meta property=\"og:type\" content=\"article\" \/>\n<meta property=\"og:title\" content=\"Mieux comprendre notre communaut\u00e9 diversifi\u00e9e de membres | Environment Funders Canada\" \/>\n<meta property=\"og:description\" content=\"Environment Funders Canada (EFC) est un r\u00e9seau vaste et inclusif de bailleurs de fonds en environnement. Provenant des secteurs philanthropique,\" \/>\n<meta property=\"og:url\" content=\"https:\/\/environmentfunders.ca\/fr\/adhesion\/mieux-comprendre-notre-communaute-diversifiee-de-membres\/\" \/>\n<meta property=\"og:site_name\" content=\"Environment Funders Canada\" \/>\n<meta property=\"article:modified_time\" content=\"2025-01-29T23:05:04+00:00\" \/>\n<meta property=\"og:image\" content=\"https:\/\/environmentfunders.ca\/wp-content\/uploads\/2024\/05\/NAVIGATING-AdobeStock_120432139-scaled.jpeg\" \/>\n\t<meta property=\"og:image:width\" content=\"2560\" \/>\n\t<meta property=\"og:image:height\" content=\"1707\" \/>\n\t<meta property=\"og:image:type\" content=\"image\/jpeg\" \/>\n<meta name=\"twitter:card\" content=\"summary_large_image\" \/>\n<script type=\"application\/ld+json\" class=\"yoast-schema-graph\">{\"@context\":\"https:\\\/\\\/schema.org\",\"@graph\":[{\"@type\":\"WebPage\",\"@id\":\"https:\\\/\\\/environmentfunders.ca\\\/fr\\\/adhesion\\\/mieux-comprendre-notre-communaute-diversifiee-de-membres\\\/\",\"url\":\"https:\\\/\\\/environmentfunders.ca\\\/fr\\\/adhesion\\\/mieux-comprendre-notre-communaute-diversifiee-de-membres\\\/\",\"name\":\"Mieux comprendre notre communaut\u00e9 diversifi\u00e9e de membres | Environment Funders Canada\",\"isPartOf\":{\"@id\":\"https:\\\/\\\/environmentfunders.ca\\\/fr\\\/#website\"},\"primaryImageOfPage\":{\"@id\":\"https:\\\/\\\/environmentfunders.ca\\\/fr\\\/adhesion\\\/mieux-comprendre-notre-communaute-diversifiee-de-membres\\\/#primaryimage\"},\"image\":{\"@id\":\"https:\\\/\\\/environmentfunders.ca\\\/fr\\\/adhesion\\\/mieux-comprendre-notre-communaute-diversifiee-de-membres\\\/#primaryimage\"},\"thumbnailUrl\":\"https:\\\/\\\/environmentfunders.ca\\\/wp-content\\\/uploads\\\/2024\\\/05\\\/NAVIGATING-AdobeStock_120432139-scaled.jpeg\",\"datePublished\":\"2024-04-09T19:15:37+00:00\",\"dateModified\":\"2025-01-29T23:05:04+00:00\",\"description\":\"Environment Funders Canada (EFC) est un r\u00e9seau vaste et inclusif de bailleurs de fonds en environnement. Provenant des secteurs philanthropique,\",\"breadcrumb\":{\"@id\":\"https:\\\/\\\/environmentfunders.ca\\\/fr\\\/adhesion\\\/mieux-comprendre-notre-communaute-diversifiee-de-membres\\\/#breadcrumb\"},\"inLanguage\":\"fr-FR\",\"potentialAction\":[{\"@type\":\"ReadAction\",\"target\":[\"https:\\\/\\\/environmentfunders.ca\\\/fr\\\/adhesion\\\/mieux-comprendre-notre-communaute-diversifiee-de-membres\\\/\"]}]},{\"@type\":\"ImageObject\",\"inLanguage\":\"fr-FR\",\"@id\":\"https:\\\/\\\/environmentfunders.ca\\\/fr\\\/adhesion\\\/mieux-comprendre-notre-communaute-diversifiee-de-membres\\\/#primaryimage\",\"url\":\"https:\\\/\\\/environmentfunders.ca\\\/wp-content\\\/uploads\\\/2024\\\/05\\\/NAVIGATING-AdobeStock_120432139-scaled.jpeg\",\"contentUrl\":\"https:\\\/\\\/environmentfunders.ca\\\/wp-content\\\/uploads\\\/2024\\\/05\\\/NAVIGATING-AdobeStock_120432139-scaled.jpeg\",\"width\":2560,\"height\":1707},{\"@type\":\"BreadcrumbList\",\"@id\":\"https:\\\/\\\/environmentfunders.ca\\\/fr\\\/adhesion\\\/mieux-comprendre-notre-communaute-diversifiee-de-membres\\\/#breadcrumb\",\"itemListElement\":[{\"@type\":\"ListItem\",\"position\":1,\"name\":\"Home\",\"item\":\"https:\\\/\\\/environmentfunders.ca\\\/fr\\\/\"},{\"@type\":\"ListItem\",\"position\":2,\"name\":\"Adh\u00e9sion\",\"item\":\"https:\\\/\\\/environmentfunders.ca\\\/fr\\\/adhesion\\\/\"},{\"@type\":\"ListItem\",\"position\":3,\"name\":\"Mieux comprendre notre communaut\u00e9 diversifi\u00e9e de membres\"}]},{\"@type\":\"WebSite\",\"@id\":\"https:\\\/\\\/environmentfunders.ca\\\/fr\\\/#website\",\"url\":\"https:\\\/\\\/environmentfunders.ca\\\/fr\\\/\",\"name\":\"Environment Funders Canada\",\"description\":\"\",\"publisher\":{\"@id\":\"https:\\\/\\\/environmentfunders.ca\\\/fr\\\/\\\/#organization\"},\"alternateName\":\"EFC\",\"potentialAction\":[{\"@type\":\"SearchAction\",\"target\":{\"@type\":\"EntryPoint\",\"urlTemplate\":\"https:\\\/\\\/environmentfunders.ca\\\/fr\\\/?s={search_term_string}\"},\"query-input\":{\"@type\":\"PropertyValueSpecification\",\"valueRequired\":true,\"valueName\":\"search_term_string\"}}],\"inLanguage\":\"fr-FR\"},{\"@type\":\"Organization\",\"@id\":\"https:\\\/\\\/environmentfunders.ca\\\/fr\\\/#organization\",\"name\":\"Environment Funders Canada\",\"alternateName\":\"EFC\",\"url\":\"https:\\\/\\\/environmentfunders.ca\\\/fr\\\/\",\"logo\":{\"@type\":\"ImageObject\",\"inLanguage\":\"fr-FR\",\"@id\":\"https:\\\/\\\/environmentfunders.ca\\\/fr\\\/#\\\/schema\\\/logo\\\/image\\\/\",\"url\":\"https:\\\/\\\/environmentfunders.ca\\\/wp-content\\\/uploads\\\/2024\\\/06\\\/EFC-logo.jpg\",\"contentUrl\":\"https:\\\/\\\/environmentfunders.ca\\\/wp-content\\\/uploads\\\/2024\\\/06\\\/EFC-logo.jpg\",\"width\":696,\"height\":696,\"caption\":\"Environment Funders Canada\"},\"image\":{\"@id\":\"https:\\\/\\\/environmentfunders.ca\\\/fr\\\/#\\\/schema\\\/logo\\\/image\\\/\"},\"contactPoint\":{\"@type\":\"ContactPoint\",\"contactType\":\"Sales\",\"email\":\"info@environmentfunders.ca\",\"telephone\":\"+16472888891\"},\"sameAs\":[\"https:\\\/\\\/linkedin.com\\\/company\\\/environmentfunderscanada\\\/\"],\"location\":[{\"@type\":\"ProfessionalService\",\"@id\":\"https:\\\/\\\/environmentfunders.ca\\\/#location_0\",\"name\":\"Environment Funders Canada\",\"parentOrganization\":{\"@id\":\"https:\\\/\\\/environmentfunders.ca\\\/#organization\"},\"address\":{\"@type\":\"PostalAddress\",\"streetAddress\":\"2 St. Clair Avenue East, Suite 300\",\"addressLocality\":\"Toronto\",\"addressRegion\":\"Ontario\",\"postalCode\":\"M4T 2T5\",\"addressCountry\":\"CA\"},\"image\":{\"@type\":\"ImageObject\",\"url\":\"https:\\\/\\\/environmentfunders.ca\\\/wp-content\\\/themes\\\/wundertheme2024\\\/assets\\\/img\\\/logo.png\"},\"geo\":{\"@type\":\"GeoCoordinates\",\"latitude\":43.6882062,\"longitude\":-79.3945828}}]}]}<\/script>\n<!-- \/ Yoast SEO plugin. -->","yoast_head_json":{"title":"Mieux comprendre notre communaut\u00e9 diversifi\u00e9e de membres | Environment Funders Canada","description":"Environment Funders Canada (EFC) est un r\u00e9seau vaste et inclusif de bailleurs de fonds en environnement. Provenant des secteurs philanthropique,","robots":{"index":"index","follow":"follow","max-snippet":"max-snippet:-1","max-image-preview":"max-image-preview:large","max-video-preview":"max-video-preview:-1"},"canonical":"https:\/\/environmentfunders.ca\/fr\/adhesion\/mieux-comprendre-notre-communaute-diversifiee-de-membres\/","og_locale":"fr_FR","og_type":"article","og_title":"Mieux comprendre notre communaut\u00e9 diversifi\u00e9e de membres | Environment Funders Canada","og_description":"Environment Funders Canada (EFC) est un r\u00e9seau vaste et inclusif de bailleurs de fonds en environnement. Provenant des secteurs philanthropique,","og_url":"https:\/\/environmentfunders.ca\/fr\/adhesion\/mieux-comprendre-notre-communaute-diversifiee-de-membres\/","og_site_name":"Environment Funders Canada","article_modified_time":"2025-01-29T23:05:04+00:00","og_image":[{"width":2560,"height":1707,"url":"https:\/\/environmentfunders.ca\/wp-content\/uploads\/2024\/05\/NAVIGATING-AdobeStock_120432139-scaled.jpeg","type":"image\/jpeg"}],"twitter_card":"summary_large_image","schema":{"@context":"https:\/\/schema.org","@graph":[{"@type":"WebPage","@id":"https:\/\/environmentfunders.ca\/fr\/adhesion\/mieux-comprendre-notre-communaute-diversifiee-de-membres\/","url":"https:\/\/environmentfunders.ca\/fr\/adhesion\/mieux-comprendre-notre-communaute-diversifiee-de-membres\/","name":"Mieux comprendre notre communaut\u00e9 diversifi\u00e9e de membres | Environment Funders Canada","isPartOf":{"@id":"https:\/\/environmentfunders.ca\/fr\/#website"},"primaryImageOfPage":{"@id":"https:\/\/environmentfunders.ca\/fr\/adhesion\/mieux-comprendre-notre-communaute-diversifiee-de-membres\/#primaryimage"},"image":{"@id":"https:\/\/environmentfunders.ca\/fr\/adhesion\/mieux-comprendre-notre-communaute-diversifiee-de-membres\/#primaryimage"},"thumbnailUrl":"https:\/\/environmentfunders.ca\/wp-content\/uploads\/2024\/05\/NAVIGATING-AdobeStock_120432139-scaled.jpeg","datePublished":"2024-04-09T19:15:37+00:00","dateModified":"2025-01-29T23:05:04+00:00","description":"Environment Funders Canada (EFC) est un r\u00e9seau vaste et inclusif de bailleurs de fonds en environnement. Provenant des secteurs philanthropique,","breadcrumb":{"@id":"https:\/\/environmentfunders.ca\/fr\/adhesion\/mieux-comprendre-notre-communaute-diversifiee-de-membres\/#breadcrumb"},"inLanguage":"fr-FR","potentialAction":[{"@type":"ReadAction","target":["https:\/\/environmentfunders.ca\/fr\/adhesion\/mieux-comprendre-notre-communaute-diversifiee-de-membres\/"]}]},{"@type":"ImageObject","inLanguage":"fr-FR","@id":"https:\/\/environmentfunders.ca\/fr\/adhesion\/mieux-comprendre-notre-communaute-diversifiee-de-membres\/#primaryimage","url":"https:\/\/environmentfunders.ca\/wp-content\/uploads\/2024\/05\/NAVIGATING-AdobeStock_120432139-scaled.jpeg","contentUrl":"https:\/\/environmentfunders.ca\/wp-content\/uploads\/2024\/05\/NAVIGATING-AdobeStock_120432139-scaled.jpeg","width":2560,"height":1707},{"@type":"BreadcrumbList","@id":"https:\/\/environmentfunders.ca\/fr\/adhesion\/mieux-comprendre-notre-communaute-diversifiee-de-membres\/#breadcrumb","itemListElement":[{"@type":"ListItem","position":1,"name":"Home","item":"https:\/\/environmentfunders.ca\/fr\/"},{"@type":"ListItem","position":2,"name":"Adh\u00e9sion","item":"https:\/\/environmentfunders.ca\/fr\/adhesion\/"},{"@type":"ListItem","position":3,"name":"Mieux comprendre notre communaut\u00e9 diversifi\u00e9e de membres"}]},{"@type":"WebSite","@id":"https:\/\/environmentfunders.ca\/fr\/#website","url":"https:\/\/environmentfunders.ca\/fr\/","name":"Environment Funders Canada","description":"","publisher":{"@id":"https:\/\/environmentfunders.ca\/fr\/\/#organization"},"alternateName":"EFC","potentialAction":[{"@type":"SearchAction","target":{"@type":"EntryPoint","urlTemplate":"https:\/\/environmentfunders.ca\/fr\/?s={search_term_string}"},"query-input":{"@type":"PropertyValueSpecification","valueRequired":true,"valueName":"search_term_string"}}],"inLanguage":"fr-FR"},{"@type":"Organization","@id":"https:\/\/environmentfunders.ca\/fr\/#organization","name":"Environment Funders Canada","alternateName":"EFC","url":"https:\/\/environmentfunders.ca\/fr\/","logo":{"@type":"ImageObject","inLanguage":"fr-FR","@id":"https:\/\/environmentfunders.ca\/fr\/#\/schema\/logo\/image\/","url":"https:\/\/environmentfunders.ca\/wp-content\/uploads\/2024\/06\/EFC-logo.jpg","contentUrl":"https:\/\/environmentfunders.ca\/wp-content\/uploads\/2024\/06\/EFC-logo.jpg","width":696,"height":696,"caption":"Environment Funders Canada"},"image":{"@id":"https:\/\/environmentfunders.ca\/fr\/#\/schema\/logo\/image\/"},"contactPoint":{"@type":"ContactPoint","contactType":"Sales","email":"info@environmentfunders.ca","telephone":"+16472888891"},"sameAs":["https:\/\/linkedin.com\/company\/environmentfunderscanada\/"],"location":[{"@type":"ProfessionalService","@id":"https:\/\/environmentfunders.ca\/#location_0","name":"Environment Funders Canada","parentOrganization":{"@id":"https:\/\/environmentfunders.ca\/#organization"},"address":{"@type":"PostalAddress","streetAddress":"2 St. Clair Avenue East, Suite 300","addressLocality":"Toronto","addressRegion":"Ontario","postalCode":"M4T 2T5","addressCountry":"CA"},"image":{"@type":"ImageObject","url":"https:\/\/environmentfunders.ca\/wp-content\/themes\/wundertheme2024\/assets\/img\/logo.png"},"geo":{"@type":"GeoCoordinates","latitude":43.6882062,"longitude":-79.3945828}}]}]}},"_links":{"self":[{"href":"https:\/\/environmentfunders.ca\/fr\/wp-json\/wp\/v2\/pages\/2402","targetHints":{"allow":["GET"]}}],"collection":[{"href":"https:\/\/environmentfunders.ca\/fr\/wp-json\/wp\/v2\/pages"}],"about":[{"href":"https:\/\/environmentfunders.ca\/fr\/wp-json\/wp\/v2\/types\/page"}],"author":[{"embeddable":true,"href":"https:\/\/environmentfunders.ca\/fr\/wp-json\/wp\/v2\/users\/1"}],"replies":[{"embeddable":true,"href":"https:\/\/environmentfunders.ca\/fr\/wp-json\/wp\/v2\/comments?post=2402"}],"version-history":[{"count":0,"href":"https:\/\/environmentfunders.ca\/fr\/wp-json\/wp\/v2\/pages\/2402\/revisions"}],"up":[{"embeddable":true,"href":"https:\/\/environmentfunders.ca\/fr\/wp-json\/wp\/v2\/pages\/2372"}],"wp:featuredmedia":[{"embeddable":true,"href":"https:\/\/environmentfunders.ca\/fr\/wp-json\/wp\/v2\/media\/2189"}],"wp:attachment":[{"href":"https:\/\/environmentfunders.ca\/fr\/wp-json\/wp\/v2\/media?parent=2402"}],"curies":[{"name":"wp","href":"https:\/\/api.w.org\/{rel}","templated":true}]}}