{"id":2463,"date":"2024-04-19T14:41:03","date_gmt":"2024-04-19T14:41:03","guid":{"rendered":"https:\/\/environmentfunders.ca\/members-fr\/connect\/project-clearinghouse-canada-guidelines\/"},"modified":"2024-06-11T19:36:52","modified_gmt":"2024-06-11T19:36:52","slug":"project-clearinghouse-canada-guidelines","status":"publish","type":"page","link":"https:\/\/environmentfunders.ca\/fr\/reserves-aux-membres\/reseauter\/project-clearinghouse-canada-guidelines\/","title":{"rendered":"Project Clearinghouse Canada Guidelines"},"content":{"rendered":"        <\/div><header id=\"block_5f391f9afdf46e6ff992e5920742ade8\" \n    class=\"block_5f391f9afdf46e6ff992e5920742ade8 tw-section content-section-multimedia uk-preserve-color   uk-position-relative uk-section uk-section-overlap  uk-section-secondary-alt  layout-grid has_overlay uk-background-norepeat uk-background-cover uk-preserve-color uk-background-center-center uk-background-scroll uk-background-image header-section layout-multimedia layout-multimedia-none uk-overflow-hidden\"\n    uk-img data-src=\"https:\/\/environmentfunders.ca\/wp-content\/uploads\/2024\/04\/Hands-2500x1692-1-1024x693.jpg\" data-srcset=\"https:\/\/environmentfunders.ca\/wp-content\/uploads\/2024\/04\/Hands-2500x1692-1-400x271.jpg 400w, https:\/\/environmentfunders.ca\/wp-content\/uploads\/2024\/04\/Hands-2500x1692-1-800x541.jpg 800w, https:\/\/environmentfunders.ca\/wp-content\/uploads\/2024\/04\/Hands-2500x1692-1-1200x812.jpg 1200w, https:\/\/environmentfunders.ca\/wp-content\/uploads\/2024\/04\/Hands-2500x1692-1-1600x1083.jpg 1600w, https:\/\/environmentfunders.ca\/wp-content\/uploads\/2024\/04\/Hands-2500x1692-1-2048x1386.jpg 2048w\" data-sizes=\"(max-width: 500px) 400px, (max-width: 800px) 800px, (max-width: 1024px) 1024px, (max-width: 1200px) 1200px, (max-width: 1600px) 1600px, (max-width: 2048px) 2048px\"\n        >\n    \n    \n            <div class=\"tw-section-overlay uk-overlay-secondary uk-blend-multiply  uk-position-cover\"><\/div><!-- uk-overlay-->\n    \n        \n    <!-- Open Wrapper-->\n    <div class=\"uk-container   uk-container-expand-center   uk-position-relative\">\n    <!-- Open Wrapper Inner --> <div>\n    <div class=\"spacer-section uk-width-1-1\" style=\"height:120px;\"><\/div>    \n    <div class=\"uk-grid uk-grid-item-match uk-position-relative  uk-grid-medium\" uk-grid uk-height-match><!-- Open Grid -->\n                <div class=\"uk-width-1-1 uk-width-expand@s \" style=\"\">\n            <div  >\n            <header class=\"section-header uk-margin-bottom uk-text-left uk-light \" uk-scrollspy=\"cls: uk-animation-slide-left-small; delay: 300; \" >  \n            <div class=\"uk-h5 uk-margin-small content-section-subtitle\">\n        Directives\n        <\/div>\n    \n            \n        <h1 class=\"uk-heading-medium  uk-margin-remove-top  content-section-title \">\n            Project Clearinghouse Canada\n        <\/h1>\n            \n    \n\n    <\/header>\n            <\/div>\n        <\/div>\n            \n            <div class=\"block-none uk-inline uk-width-1-1 uk-width-1-1@m uk-flex uk-flex-first uk-flex-left uk-flex-column \">\n                <div class=\"\"><\/div>            <\/div>\n        \n        <\/div><!-- Close Grid -->\n        <\/div><!-- Close Inner Wrapper -->\n<\/div><!-- Close Wrapper-->    <\/header>\n    \n    <section id=\"breadcrumbs\" class=\"breadcrumbs uk-background-secondary-alt uk-light uk-overflow-auto\">\n  <div class=\"uk-container uk-container- \">\n    <nav class=\"breadcrumb-wrapper\" role=\"navigation\" aria-label=\"Breadcrumb\">\n        <ul class=\"uk-breadcrumb uk-margin-remove-bottom\"><li typeof=\"v:Breadcrumb\" >\n        <a href=\"https:\/\/environmentfunders.ca\/fr\/\" title=\"Home\" rel=\"v:url\" property=\"v:title\"\n         aria-label=\"Accueil\"  ><span class=\"uk-icon\" uk-icon=\"home\"><meta content=\"Home\" \/> <\/a>\n        <\/li><\/ul>    <\/nav>\n  <\/div>\n<\/section>\n\n<div class=\"uk-container uk-container-xsmall\" >\n    \n\n\n<div style=\"color:#ddd\" class=\"wp-block-genesis-blocks-gb-spacer gb-block-spacer gb-divider-solid gb-divider-size-1\"><hr style=\"height:30px\"\/><\/div>\n\n\n\n<h2 class=\"wp-block-heading\">\u00c0 propos de Projet Clearinghouse Canada<\/h2>\n\n\n\n<p>Project Clearinghouse Canada est une <strong>liste de diffusion sur inscription r\u00e9serv\u00e9e aux membres d\u2019EFC<\/strong>, qui fournit \u00e0 ces derniers un m\u00e9canisme pour partager des projets qu&rsquo;ils financent et qui n\u00e9cessitent un soutien financier suppl\u00e9mentaire. Il s&rsquo;agit d&rsquo;un moyen accessible permettant aux membres d\u2019EFC de collaborer sur des occasions de financement pr\u00e9cises, en plus d&rsquo;explorer le financement de nouvelles initiatives et organisations.<\/p>\n\n\n\n<p>Nous encourageons tous les membres d\u2019EFC \u00e0 partager et \u00e0 explorer les possibilit\u00e9s de financement \u00e0 l&rsquo;aide de cet outil.<\/p>\n\n\n\n<p>Vous n\u2019\u00eates pas encore sur la liste de diffusion? Contactez <a href=\"mailto:nancy@environmentfunders.ca\">Nancy<\/a> pour vous inscrire!<\/p>\n\n\n\n<h2 class=\"wp-block-heading\">Que puis-je afficher par l\u2019entremise de la liste de diffusion Project Clearinghouse Canada?<\/h2>\n\n\n\n<ul class=\"wp-block-list\">\n<li>Utilisez la liste de diffusion Project Clearinghouse Canada pour communiquer de l&rsquo;information sur les organisations ou les projets que vous financez et que vous aimeriez que d&rsquo;autres membres d\u2019EFC envisagent \u00e9galement de financer.\u00a0<\/li>\n\n\n\n<li>Vous devez d\u00e9j\u00e0 soutenir financi\u00e8rement une organisation ou un projet afin de diffuser l\u2019opportunit\u00e9 \u00e0 travers Project Clearinghouse Canada. Assurez-vous donc que cette information soit clairement indiqu\u00e9e dans votre courriel. Nous vous encourageons \u00e0 indiquer le montant exact de votre financement, car cela encourage les autres membres \u00e0 indiquer clairement le montant de la contribution qu\u2019ils proposent.<\/li>\n\n\n\n<li>Veuillez inclure les r\u00e9ponses aux questions suivantes concernant l&rsquo;organisation ou le projet que vous souhaitez faire conna\u00eetre\u00a0:<ul><li>Cat\u00e9gorie (choisissez-en une ou deux dans la liste et supprimez les autres)\u00a0:<ul><li>Conservation<\/li><\/ul><ul><li>Changements climatiques<\/li><\/ul><ul><li>\u00c9ducation \u00e0 la nature<\/li><\/ul><ul><li>Alimentation et agriculture<\/li><\/ul><ul><li>Pollution et mati\u00e8res toxiques<\/li><\/ul><ul><li>R\u00e9duction des d\u00e9chets<\/li><\/ul><ul><li>Centr\u00e9 sur les Autochtones<\/li><\/ul><\/li><\/ul><ul><li>Nom de l\u2019organisation que vous appuyez<\/li><\/ul><ul><li>G\u00e9ographie desservie<\/li><\/ul><ul><li>Description des objectifs de l&rsquo;organisation ou du projet<\/li><\/ul><ul><li>Raisons pour lesquelles leur travail devrait \u00eatre soutenu<\/li><\/ul><ul><li>D\u00e9crivez votre niveau de soutien financier \u00e0 cette organisation (si vous \u00eates \u00e0 l\u2019aise de le faire).<\/li><\/ul><ul><li>Indiquez le budget du projet et le manque de financement \u00e0 combler.<\/li><\/ul><ul><li>Y a-t-il un \u00e9ch\u00e9ancier ou une date limite pour ce financement?<\/li><\/ul><ul><li>Personne-ressource de l&rsquo;organisation (nom et adresse courriel)<\/li><\/ul>\n<ul class=\"wp-block-list\">\n<li>Peut-on vous joindre si d\u2019autres bailleurs de fonds ont des questions suppl\u00e9mentaires (oui\/non)?<\/li>\n<\/ul>\n<\/li>\n\n\n\n<li>Vous pouvez \u00e9galement joindre une proposition de l\u2019organisation en recherche de financement, si celle-ci existe.<\/li>\n<\/ul>\n\n\n\n<h2 class=\"wp-block-heading\">Gestion des conflits d&rsquo;int\u00e9r\u00eats potentiels<\/h2>\n\n\n\n<ul class=\"wp-block-list\">\n<li>Vous ne pouvez pas promouvoir une organisation ou un projet dans lequel vous avez un int\u00e9r\u00eat p\u00e9cuniaire.<\/li>\n\n\n\n<li>Si vous \u00eates membre b\u00e9n\u00e9vole du conseil d\u2019administration d\u2019une organisation ou si vous avez toute autre implication b\u00e9n\u00e9vole dans une organisation ou un projet, vous pouvez tout de m\u00eame promouvoir l&rsquo;organisation ou le projet, mais vous devez d\u00e9clarer votre implication dans votre courriel.<\/li>\n<\/ul>\n\n\n\n<h2 class=\"wp-block-heading\">Quels sont les autres comportements \u00e0 \u00e9viter?<\/h2>\n\n\n\n<ul class=\"wp-block-list\">\n<li>Les courriels et les renseignements re\u00e7us par le biais de Project Clearinghouse Canada ne doivent en aucun cas \u00eatre transf\u00e9r\u00e9s ou transmis de quelque fa\u00e7on que ce soit \u00e0 des gens qui ne sont pas membres d\u2019EFC. La confidentialit\u00e9 et la vie priv\u00e9e de tous les membres doivent \u00eatre respect\u00e9es et prot\u00e9g\u00e9es par tous les gens qui utilisent cette liste de diffusion.<\/li>\n\n\n\n<li>\u00c9vitez de faire des d\u00e9clarations qui pourraient causer un malaise aux autres membres ou les offenser. Veuillez respecter la diversit\u00e9 des points de vue, des exp\u00e9riences, des int\u00e9r\u00eats et des approches qui existent au sein de notre communaut\u00e9 de membres. La liste de diffusion n\u2019est pas un outil appropri\u00e9 pour exprimer des opinions divergentes concernant des organisations ou des projets soutenus par d&rsquo;autres membres.<\/li>\n\n\n\n<li>Les membres doivent s\u2019abstenir de diffuser tout projet, organisation ou autre information relevant de la politique partisane.<\/li>\n\n\n\n<li>Toute forme de sollicitation commerciale est interdite.<\/li>\n<\/ul>\n\n\n\n<h2 class=\"wp-block-heading\">Fonctionnement de la liste de diffusion<\/h2>\n\n\n\n<h3 class=\"wp-block-heading\">Affichage<\/h3>\n\n\n\n<ul class=\"wp-block-list\">\n<li>Envoyez votre annonce \u00e0 l\u2019adresse suivante : <a href=\"mailto:efc_projectclearinghouse@lists.environmentfunders.ca\">efc_projectclearinghouse@lists.environmentfunders.ca<\/a> (veuillez noter le trait de soulignement dans l&rsquo;adresse : efc_projectclearinghouse). Assurez-vous que les pi\u00e8ces jointes ne d\u00e9passent pas 25 Mo. Si elles d\u00e9passent cette limite, nous vous recommandons d&rsquo;utiliser un service de partage de fichiers comme Dropbox ou Google Docs.<\/li>\n\n\n\n<li>Vous recevrez une r\u00e9ponse automatique du gestionnaire des listes de diffusion, indiquant que votre message a \u00e9t\u00e9 transf\u00e9r\u00e9 au mod\u00e9rateur pour approbation.<\/li>\n\n\n\n<li>Votre message sera pass\u00e9 en revue par le membre du personnel d\u2019EFC qui mod\u00e8re la liste de diffusion.<\/li>\n\n\n\n<li>Si vous envoyez votre annonce un jour ouvrable, elle devrait \u00eatre publi\u00e9e dans un d\u00e9lai de 24 heures \u2014 souvent, c\u2019est beaucoup plus rapide. Une fois votre message diffus\u00e9, vous en recevrez aussi une copie dans votre bo\u00eete de r\u00e9ception.<\/li>\n<\/ul>\n\n\n\n<h3 class=\"wp-block-heading\">R\u00e9ception et r\u00e9ponses<\/h3>\n\n\n\n<ul class=\"wp-block-list\">\n<li>Lorsque quelqu&rsquo;un envoie un courriel aux membres de la liste de diffusion Project Clearinghouse, vous recevrez un courriel provenant de <strong>name via efc_projectclearinghouse<\/strong> avec la ligne d&rsquo;objet commen\u00e7ant par <strong>[efc_projectclearinghouse]<\/strong>.<\/li>\n\n\n\n<li>Si vous souhaitez r\u00e9pondre, vous pouvez appuyer sur \u00ab\u00a0R\u00e9pondre\u00a0\u00bb pour r\u00e9pondre uniquement \u00e0 la personne qui a envoy\u00e9 le message; autrement, vous pouvez appuyer sur \u00ab\u00a0R\u00e9pondre \u00e0 tous\u00a0\u00bb si vous souhaitez r\u00e9pondre \u00e0 tous les membres du groupe.<ul><li>Utilisez la fonction \u00ab\u00a0R\u00e9pondre\u00a0\u00bb si vous souhaitez r\u00e9pondre \u00e0 l\u2019exp\u00e9diteur pour en savoir plus, pour poser des questions ou pour entrer en contact concernant le projet.<\/li><\/ul>\n<ul class=\"wp-block-list\">\n<li><strong>Utilisez \u00ab\u00a0R\u00e9pondre \u00e0 tous\u00a0\u00bb si vous souhaitez partager votre engagement de contribution\/financement avec tous les membres du groupe.<\/strong> De cette fa\u00e7on, vous pourriez encourager d\u2019autres bailleurs de fonds \u00e0 soutenir le projet. De plus, vous permettrez au personnel d\u2019EFC de suivre les engagements obtenus de l\u2019ensemble des bailleurs de fonds. Si vous s\u00e9lectionnez \u00ab\u00a0R\u00e9pondre \u00e0 tous\u00a0\u00bb, votre message sera renvoy\u00e9 au mod\u00e9rateur pour diffusion. Afin de g\u00e9rer le volume de courriels, le mod\u00e9rateur restreindra l\u2019utilisation de la fonction \u00ab\u00a0R\u00e9pondre \u00e0 tous\u00a0\u00bb aux courriels concernant des engagements de financement.\u00a0<\/li>\n<\/ul>\n<\/li>\n<\/ul>\n\n\n\n<h2 class=\"wp-block-heading\">D\u2019autres questions? Besoin d&rsquo;assistance?<\/h2>\n\n\n\n<p>N\u2019h\u00e9sitez pas \u00e0 contacter Nancy ou Devika.<\/p>\n\n\n\n<div style=\"color:#ddd\" class=\"wp-block-genesis-blocks-gb-spacer gb-block-spacer gb-divider-solid gb-divider-size-1\"><hr style=\"height:30px\"\/><\/div>\n","protected":false},"excerpt":{"rendered":"<p>\u00c0 propos de Projet Clearinghouse Canada Project Clearinghouse Canada est une liste de diffusion sur inscription r\u00e9serv\u00e9e aux membres d\u2019EFC, qui fournit \u00e0 ces derniers [&hellip;]<\/p>\n","protected":false},"author":1,"featured_media":0,"parent":2461,"menu_order":0,"comment_status":"closed","ping_status":"closed","template":"","meta":{"_acf_changed":true,"footnotes":""},"class_list":["post-2463","page","type-page","status-publish","hentry"],"acf":[],"yoast_head":"<!-- This site is optimized with the Yoast SEO plugin v27.5 - https:\/\/yoast.com\/product\/yoast-seo-wordpress\/ -->\n<title>Project Clearinghouse Canada Guidelines | Environment Funders Canada<\/title>\n<meta name=\"description\" content=\"\u00c0 propos de Projet Clearinghouse Canada Project Clearinghouse Canada est une liste de diffusion sur inscription r\u00e9serv\u00e9e aux membres d\u2019EFC, qui fournit \u00e0\" \/>\n<meta name=\"robots\" content=\"index, follow, max-snippet:-1, max-image-preview:large, max-video-preview:-1\" \/>\n<link rel=\"canonical\" href=\"https:\/\/environmentfunders.ca\/fr\/reserves-aux-membres\/reseauter\/project-clearinghouse-canada-guidelines\/\" \/>\n<meta property=\"og:locale\" content=\"fr_FR\" \/>\n<meta property=\"og:type\" content=\"article\" \/>\n<meta property=\"og:title\" content=\"Project Clearinghouse Canada Guidelines | Environment Funders Canada\" \/>\n<meta property=\"og:description\" content=\"\u00c0 propos de Projet Clearinghouse Canada Project Clearinghouse Canada est une liste de diffusion sur inscription r\u00e9serv\u00e9e aux membres d\u2019EFC, qui fournit \u00e0\" \/>\n<meta property=\"og:url\" content=\"https:\/\/environmentfunders.ca\/fr\/reserves-aux-membres\/reseauter\/project-clearinghouse-canada-guidelines\/\" \/>\n<meta property=\"og:site_name\" content=\"Environment Funders Canada\" \/>\n<meta property=\"article:modified_time\" content=\"2024-06-11T19:36:52+00:00\" \/>\n<meta property=\"og:image\" content=\"https:\/\/environmentfunders.ca\/wp-content\/uploads\/2024\/03\/home.jpeg\" \/>\n\t<meta property=\"og:image:width\" content=\"1600\" \/>\n\t<meta property=\"og:image:height\" content=\"750\" \/>\n\t<meta property=\"og:image:type\" content=\"image\/jpeg\" \/>\n<meta name=\"twitter:card\" content=\"summary_large_image\" \/>\n<script type=\"application\/ld+json\" class=\"yoast-schema-graph\">{\"@context\":\"https:\\\/\\\/schema.org\",\"@graph\":[{\"@type\":\"WebPage\",\"@id\":\"https:\\\/\\\/environmentfunders.ca\\\/fr\\\/reserves-aux-membres\\\/reseauter\\\/project-clearinghouse-canada-guidelines\\\/\",\"url\":\"https:\\\/\\\/environmentfunders.ca\\\/fr\\\/reserves-aux-membres\\\/reseauter\\\/project-clearinghouse-canada-guidelines\\\/\",\"name\":\"Project Clearinghouse Canada Guidelines | Environment Funders Canada\",\"isPartOf\":{\"@id\":\"https:\\\/\\\/environmentfunders.ca\\\/fr\\\/#website\"},\"datePublished\":\"2024-04-19T14:41:03+00:00\",\"dateModified\":\"2024-06-11T19:36:52+00:00\",\"description\":\"\u00c0 propos de Projet Clearinghouse Canada Project Clearinghouse Canada est une liste de diffusion sur inscription r\u00e9serv\u00e9e aux membres d\u2019EFC, qui fournit \u00e0\",\"breadcrumb\":{\"@id\":\"https:\\\/\\\/environmentfunders.ca\\\/fr\\\/reserves-aux-membres\\\/reseauter\\\/project-clearinghouse-canada-guidelines\\\/#breadcrumb\"},\"inLanguage\":\"fr-FR\",\"potentialAction\":[{\"@type\":\"ReadAction\",\"target\":[\"https:\\\/\\\/environmentfunders.ca\\\/fr\\\/reserves-aux-membres\\\/reseauter\\\/project-clearinghouse-canada-guidelines\\\/\"]}]},{\"@type\":\"BreadcrumbList\",\"@id\":\"https:\\\/\\\/environmentfunders.ca\\\/fr\\\/reserves-aux-membres\\\/reseauter\\\/project-clearinghouse-canada-guidelines\\\/#breadcrumb\",\"itemListElement\":[{\"@type\":\"ListItem\",\"position\":1,\"name\":\"Home\",\"item\":\"https:\\\/\\\/environmentfunders.ca\\\/fr\\\/\"},{\"@type\":\"ListItem\",\"position\":2,\"name\":\"R\u00e9serv\u00e9s aux Membres\",\"item\":\"https:\\\/\\\/environmentfunders.ca\\\/fr\\\/reserves-aux-membres\\\/\"},{\"@type\":\"ListItem\",\"position\":3,\"name\":\"R\u00e9seauter\",\"item\":\"https:\\\/\\\/environmentfunders.ca\\\/fr\\\/reserves-aux-membres\\\/reseauter\\\/\"},{\"@type\":\"ListItem\",\"position\":4,\"name\":\"Project Clearinghouse Canada Guidelines\"}]},{\"@type\":\"WebSite\",\"@id\":\"https:\\\/\\\/environmentfunders.ca\\\/fr\\\/#website\",\"url\":\"https:\\\/\\\/environmentfunders.ca\\\/fr\\\/\",\"name\":\"Environment Funders Canada\",\"description\":\"\",\"publisher\":{\"@id\":\"https:\\\/\\\/environmentfunders.ca\\\/fr\\\/\\\/#organization\"},\"alternateName\":\"EFC\",\"potentialAction\":[{\"@type\":\"SearchAction\",\"target\":{\"@type\":\"EntryPoint\",\"urlTemplate\":\"https:\\\/\\\/environmentfunders.ca\\\/fr\\\/?s={search_term_string}\"},\"query-input\":{\"@type\":\"PropertyValueSpecification\",\"valueRequired\":true,\"valueName\":\"search_term_string\"}}],\"inLanguage\":\"fr-FR\"},{\"@type\":\"Organization\",\"@id\":\"https:\\\/\\\/environmentfunders.ca\\\/fr\\\/#organization\",\"name\":\"Environment Funders Canada\",\"alternateName\":\"EFC\",\"url\":\"https:\\\/\\\/environmentfunders.ca\\\/fr\\\/\",\"logo\":{\"@type\":\"ImageObject\",\"inLanguage\":\"fr-FR\",\"@id\":\"https:\\\/\\\/environmentfunders.ca\\\/fr\\\/#\\\/schema\\\/logo\\\/image\\\/\",\"url\":\"https:\\\/\\\/environmentfunders.ca\\\/wp-content\\\/uploads\\\/2024\\\/06\\\/EFC-logo.jpg\",\"contentUrl\":\"https:\\\/\\\/environmentfunders.ca\\\/wp-content\\\/uploads\\\/2024\\\/06\\\/EFC-logo.jpg\",\"width\":696,\"height\":696,\"caption\":\"Environment Funders Canada\"},\"image\":{\"@id\":\"https:\\\/\\\/environmentfunders.ca\\\/fr\\\/#\\\/schema\\\/logo\\\/image\\\/\"},\"contactPoint\":{\"@type\":\"ContactPoint\",\"contactType\":\"Sales\",\"email\":\"info@environmentfunders.ca\",\"telephone\":\"+16472888891\"},\"sameAs\":[\"https:\\\/\\\/linkedin.com\\\/company\\\/environmentfunderscanada\\\/\"],\"location\":[{\"@type\":\"ProfessionalService\",\"@id\":\"https:\\\/\\\/environmentfunders.ca\\\/#location_0\",\"name\":\"Environment Funders Canada\",\"parentOrganization\":{\"@id\":\"https:\\\/\\\/environmentfunders.ca\\\/#organization\"},\"address\":{\"@type\":\"PostalAddress\",\"streetAddress\":\"2 St. Clair Avenue East, Suite 300\",\"addressLocality\":\"Toronto\",\"addressRegion\":\"Ontario\",\"postalCode\":\"M4T 2T5\",\"addressCountry\":\"CA\"},\"image\":{\"@type\":\"ImageObject\",\"url\":\"https:\\\/\\\/environmentfunders.ca\\\/wp-content\\\/themes\\\/wundertheme2024\\\/assets\\\/img\\\/logo.png\"},\"geo\":{\"@type\":\"GeoCoordinates\",\"latitude\":43.6882062,\"longitude\":-79.3945828}}]}]}<\/script>\n<!-- \/ Yoast SEO plugin. -->","yoast_head_json":{"title":"Project Clearinghouse Canada Guidelines | Environment Funders Canada","description":"\u00c0 propos de Projet Clearinghouse Canada Project Clearinghouse Canada est une liste de diffusion sur inscription r\u00e9serv\u00e9e aux membres d\u2019EFC, qui fournit \u00e0","robots":{"index":"index","follow":"follow","max-snippet":"max-snippet:-1","max-image-preview":"max-image-preview:large","max-video-preview":"max-video-preview:-1"},"canonical":"https:\/\/environmentfunders.ca\/fr\/reserves-aux-membres\/reseauter\/project-clearinghouse-canada-guidelines\/","og_locale":"fr_FR","og_type":"article","og_title":"Project Clearinghouse Canada Guidelines | Environment Funders Canada","og_description":"\u00c0 propos de Projet Clearinghouse Canada Project Clearinghouse Canada est une liste de diffusion sur inscription r\u00e9serv\u00e9e aux membres d\u2019EFC, qui fournit \u00e0","og_url":"https:\/\/environmentfunders.ca\/fr\/reserves-aux-membres\/reseauter\/project-clearinghouse-canada-guidelines\/","og_site_name":"Environment Funders Canada","article_modified_time":"2024-06-11T19:36:52+00:00","og_image":[{"width":1600,"height":750,"url":"https:\/\/environmentfunders.ca\/wp-content\/uploads\/2024\/03\/home.jpeg","type":"image\/jpeg"}],"twitter_card":"summary_large_image","schema":{"@context":"https:\/\/schema.org","@graph":[{"@type":"WebPage","@id":"https:\/\/environmentfunders.ca\/fr\/reserves-aux-membres\/reseauter\/project-clearinghouse-canada-guidelines\/","url":"https:\/\/environmentfunders.ca\/fr\/reserves-aux-membres\/reseauter\/project-clearinghouse-canada-guidelines\/","name":"Project Clearinghouse Canada Guidelines | Environment Funders Canada","isPartOf":{"@id":"https:\/\/environmentfunders.ca\/fr\/#website"},"datePublished":"2024-04-19T14:41:03+00:00","dateModified":"2024-06-11T19:36:52+00:00","description":"\u00c0 propos de Projet Clearinghouse Canada Project Clearinghouse Canada est une liste de diffusion sur inscription r\u00e9serv\u00e9e aux membres d\u2019EFC, qui fournit \u00e0","breadcrumb":{"@id":"https:\/\/environmentfunders.ca\/fr\/reserves-aux-membres\/reseauter\/project-clearinghouse-canada-guidelines\/#breadcrumb"},"inLanguage":"fr-FR","potentialAction":[{"@type":"ReadAction","target":["https:\/\/environmentfunders.ca\/fr\/reserves-aux-membres\/reseauter\/project-clearinghouse-canada-guidelines\/"]}]},{"@type":"BreadcrumbList","@id":"https:\/\/environmentfunders.ca\/fr\/reserves-aux-membres\/reseauter\/project-clearinghouse-canada-guidelines\/#breadcrumb","itemListElement":[{"@type":"ListItem","position":1,"name":"Home","item":"https:\/\/environmentfunders.ca\/fr\/"},{"@type":"ListItem","position":2,"name":"R\u00e9serv\u00e9s aux Membres","item":"https:\/\/environmentfunders.ca\/fr\/reserves-aux-membres\/"},{"@type":"ListItem","position":3,"name":"R\u00e9seauter","item":"https:\/\/environmentfunders.ca\/fr\/reserves-aux-membres\/reseauter\/"},{"@type":"ListItem","position":4,"name":"Project Clearinghouse Canada Guidelines"}]},{"@type":"WebSite","@id":"https:\/\/environmentfunders.ca\/fr\/#website","url":"https:\/\/environmentfunders.ca\/fr\/","name":"Environment Funders Canada","description":"","publisher":{"@id":"https:\/\/environmentfunders.ca\/fr\/\/#organization"},"alternateName":"EFC","potentialAction":[{"@type":"SearchAction","target":{"@type":"EntryPoint","urlTemplate":"https:\/\/environmentfunders.ca\/fr\/?s={search_term_string}"},"query-input":{"@type":"PropertyValueSpecification","valueRequired":true,"valueName":"search_term_string"}}],"inLanguage":"fr-FR"},{"@type":"Organization","@id":"https:\/\/environmentfunders.ca\/fr\/#organization","name":"Environment Funders Canada","alternateName":"EFC","url":"https:\/\/environmentfunders.ca\/fr\/","logo":{"@type":"ImageObject","inLanguage":"fr-FR","@id":"https:\/\/environmentfunders.ca\/fr\/#\/schema\/logo\/image\/","url":"https:\/\/environmentfunders.ca\/wp-content\/uploads\/2024\/06\/EFC-logo.jpg","contentUrl":"https:\/\/environmentfunders.ca\/wp-content\/uploads\/2024\/06\/EFC-logo.jpg","width":696,"height":696,"caption":"Environment Funders Canada"},"image":{"@id":"https:\/\/environmentfunders.ca\/fr\/#\/schema\/logo\/image\/"},"contactPoint":{"@type":"ContactPoint","contactType":"Sales","email":"info@environmentfunders.ca","telephone":"+16472888891"},"sameAs":["https:\/\/linkedin.com\/company\/environmentfunderscanada\/"],"location":[{"@type":"ProfessionalService","@id":"https:\/\/environmentfunders.ca\/#location_0","name":"Environment Funders Canada","parentOrganization":{"@id":"https:\/\/environmentfunders.ca\/#organization"},"address":{"@type":"PostalAddress","streetAddress":"2 St. Clair Avenue East, Suite 300","addressLocality":"Toronto","addressRegion":"Ontario","postalCode":"M4T 2T5","addressCountry":"CA"},"image":{"@type":"ImageObject","url":"https:\/\/environmentfunders.ca\/wp-content\/themes\/wundertheme2024\/assets\/img\/logo.png"},"geo":{"@type":"GeoCoordinates","latitude":43.6882062,"longitude":-79.3945828}}]}]}},"_links":{"self":[{"href":"https:\/\/environmentfunders.ca\/fr\/wp-json\/wp\/v2\/pages\/2463","targetHints":{"allow":["GET"]}}],"collection":[{"href":"https:\/\/environmentfunders.ca\/fr\/wp-json\/wp\/v2\/pages"}],"about":[{"href":"https:\/\/environmentfunders.ca\/fr\/wp-json\/wp\/v2\/types\/page"}],"author":[{"embeddable":true,"href":"https:\/\/environmentfunders.ca\/fr\/wp-json\/wp\/v2\/users\/1"}],"replies":[{"embeddable":true,"href":"https:\/\/environmentfunders.ca\/fr\/wp-json\/wp\/v2\/comments?post=2463"}],"version-history":[{"count":0,"href":"https:\/\/environmentfunders.ca\/fr\/wp-json\/wp\/v2\/pages\/2463\/revisions"}],"up":[{"embeddable":true,"href":"https:\/\/environmentfunders.ca\/fr\/wp-json\/wp\/v2\/pages\/2461"}],"wp:attachment":[{"href":"https:\/\/environmentfunders.ca\/fr\/wp-json\/wp\/v2\/media?parent=2463"}],"curies":[{"name":"wp","href":"https:\/\/api.w.org\/{rel}","templated":true}]}}